{"id":336,"date":"2022-11-13T12:05:24","date_gmt":"2022-11-13T09:05:24","guid":{"rendered":"https:\/\/rcmakinamuhendislik.com.tr\/?page_id=336"},"modified":"2023-03-27T18:55:58","modified_gmt":"2023-03-27T15:55:58","slug":"sirket-profili","status":"publish","type":"page","link":"https:\/\/rcmakinamuhendislik.com.tr\/en\/sirket-profili\/","title":{"rendered":"Company Profile"},"content":{"rendered":"<div data-elementor-type=\"wp-page\" data-elementor-id=\"336\" class=\"elementor elementor-336\" data-elementor-post-type=\"page\">\n\t\t\t\t\t\t<section class=\"elementor-section elementor-top-section elementor-element elementor-element-1c211ea elementor-section-boxed elementor-section-height-default elementor-section-height-default\" data-id=\"1c211ea\" data-element_type=\"section\" data-e-type=\"section\" data-settings=\"{&quot;background_background&quot;:&quot;classic&quot;}\">\n\t\t\t\t\t\t\t<div class=\"elementor-background-overlay\"><\/div>\n\t\t\t\t\t\t\t<div class=\"elementor-container elementor-column-gap-default\">\n\t\t\t\t\t<div class=\"elementor-column elementor-col-100 elementor-top-column elementor-element elementor-element-4bd3a97d\" data-id=\"4bd3a97d\" data-element_type=\"column\" data-e-type=\"column\">\n\t\t\t<div class=\"elementor-widget-wrap elementor-element-populated\">\n\t\t\t\t\t\t<div class=\"elementor-element elementor-element-398036e9 elementor-widget__width-auto elementor-widget elementor-widget-heading\" data-id=\"398036e9\" data-element_type=\"widget\" data-e-type=\"widget\" data-widget_type=\"heading.default\">\n\t\t\t\t<div class=\"elementor-widget-container\">\n\t\t\t\t\t<p class=\"elementor-heading-title elementor-size-default\"><a href=\"https:\/\/rcmakinamuhendislik.com.tr\/en\">Home<\/a><\/p>\t\t\t\t<\/div>\n\t\t\t\t<\/div>\n\t\t\t\t<div class=\"elementor-element elementor-element-29297d51 elementor-widget__width-auto elementor-widget elementor-widget-heading\" data-id=\"29297d51\" data-element_type=\"widget\" data-e-type=\"widget\" data-widget_type=\"heading.default\">\n\t\t\t\t<div class=\"elementor-widget-container\">\n\t\t\t\t\t<p class=\"elementor-heading-title elementor-size-default\">\/<\/p>\t\t\t\t<\/div>\n\t\t\t\t<\/div>\n\t\t\t\t<div class=\"elementor-element elementor-element-70620115 elementor-widget__width-auto elementor-widget elementor-widget-heading\" data-id=\"70620115\" data-element_type=\"widget\" data-e-type=\"widget\" data-widget_type=\"heading.default\">\n\t\t\t\t<div class=\"elementor-widget-container\">\n\t\t\t\t\t<p class=\"elementor-heading-title elementor-size-default\"><a href=\"https:\/\/rcmakinamuhendislik.com.tr\/en\/hakkimizda\/\">About Us<\/a><\/p>\t\t\t\t<\/div>\n\t\t\t\t<\/div>\n\t\t\t\t<div class=\"elementor-element elementor-element-21158a55 elementor-widget__width-auto elementor-widget elementor-widget-heading\" data-id=\"21158a55\" data-element_type=\"widget\" data-e-type=\"widget\" data-widget_type=\"heading.default\">\n\t\t\t\t<div class=\"elementor-widget-container\">\n\t\t\t\t\t<p class=\"elementor-heading-title elementor-size-default\">\/<\/p>\t\t\t\t<\/div>\n\t\t\t\t<\/div>\n\t\t\t\t<div class=\"elementor-element elementor-element-3cee5eb5 elementor-widget__width-auto elementor-widget elementor-widget-heading\" data-id=\"3cee5eb5\" data-element_type=\"widget\" data-e-type=\"widget\" data-widget_type=\"heading.default\">\n\t\t\t\t<div class=\"elementor-widget-container\">\n\t\t\t\t\t<p class=\"elementor-heading-title elementor-size-default\">Company Profile<\/p>\t\t\t\t<\/div>\n\t\t\t\t<\/div>\n\t\t\t\t<div class=\"elementor-element elementor-element-13c83f6e elementor-widget elementor-widget-heading\" data-id=\"13c83f6e\" data-element_type=\"widget\" data-e-type=\"widget\" data-widget_type=\"heading.default\">\n\t\t\t\t<div class=\"elementor-widget-container\">\n\t\t\t\t\t<h2 class=\"elementor-heading-title elementor-size-default\">Company Profile<\/h2>\t\t\t\t<\/div>\n\t\t\t\t<\/div>\n\t\t\t\t\t<\/div>\n\t\t<\/div>\n\t\t\t\t\t<\/div>\n\t\t<\/section>\n\t\t\t\t<section class=\"elementor-section elementor-top-section elementor-element elementor-element-15b8d011 elementor-section-boxed elementor-section-height-default elementor-section-height-default\" data-id=\"15b8d011\" data-element_type=\"section\" data-e-type=\"section\">\n\t\t\t\t\t\t<div class=\"elementor-container elementor-column-gap-default\">\n\t\t\t\t\t<div class=\"elementor-column elementor-col-50 elementor-top-column elementor-element elementor-element-17d2d26d\" data-id=\"17d2d26d\" data-element_type=\"column\" data-e-type=\"column\">\n\t\t\t<div class=\"elementor-widget-wrap elementor-element-populated\">\n\t\t\t\t\t\t<div class=\"elementor-element elementor-element-2dd5ec44 elementor-widget elementor-widget-image\" data-id=\"2dd5ec44\" data-element_type=\"widget\" data-e-type=\"widget\" data-widget_type=\"image.default\">\n\t\t\t\t<div class=\"elementor-widget-container\">\n\t\t\t\t\t\t\t\t\t\t\t\t\t\t\t<img wpfc-lazyload-disable=\"true\" fetchpriority=\"high\" decoding=\"async\" width=\"600\" height=\"500\" src=\"https:\/\/rcmakinamuhendislik.com.tr\/wp-content\/uploads\/2022\/11\/cnc-parcalar.jpg\" class=\"attachment-full size-full wp-image-344\" alt=\"\" \/>\t\t\t\t\t\t\t\t\t\t\t\t\t\t\t<\/div>\n\t\t\t\t<\/div>\n\t\t\t\t<div class=\"elementor-element elementor-element-27983d33 elementor-widget elementor-widget-image\" data-id=\"27983d33\" data-element_type=\"widget\" data-e-type=\"widget\" data-widget_type=\"image.default\">\n\t\t\t\t<div class=\"elementor-widget-container\">\n\t\t\t\t\t\t\t\t\t\t\t\t\t\t\t<img wpfc-lazyload-disable=\"true\" decoding=\"async\" width=\"500\" height=\"600\" src=\"https:\/\/rcmakinamuhendislik.com.tr\/wp-content\/uploads\/2022\/11\/cnc-parcalar-2.jpg\" class=\"attachment-full size-full wp-image-345\" alt=\"\" \/>\t\t\t\t\t\t\t\t\t\t\t\t\t\t\t<\/div>\n\t\t\t\t<\/div>\n\t\t\t\t\t<\/div>\n\t\t<\/div>\n\t\t\t\t<div class=\"elementor-column elementor-col-50 elementor-top-column elementor-element elementor-element-2df52d8c\" data-id=\"2df52d8c\" data-element_type=\"column\" data-e-type=\"column\">\n\t\t\t<div class=\"elementor-widget-wrap elementor-element-populated\">\n\t\t\t\t\t\t<div class=\"elementor-element elementor-element-50ba14be elementor-widget elementor-widget-heading\" data-id=\"50ba14be\" data-element_type=\"widget\" data-e-type=\"widget\" data-widget_type=\"heading.default\">\n\t\t\t\t<div class=\"elementor-widget-container\">\n\t\t\t\t\t<h2 class=\"elementor-heading-title elementor-size-default\">Our Vision<\/h2>\t\t\t\t<\/div>\n\t\t\t\t<\/div>\n\t\t\t\t<div class=\"elementor-element elementor-element-2ff1686c elementor-widget elementor-widget-text-editor\" data-id=\"2ff1686c\" data-element_type=\"widget\" data-e-type=\"widget\" data-widget_type=\"text-editor.default\">\n\t\t\t\t<div class=\"elementor-widget-container\">\n\t\t\t\t\t\t\t\t\t<p>Always keeping customer satisfaction at the highest level with its products and services in international quality standards in the sectors in which it operates; To continue to be a respected, reliable and preferred company by increasing it. To carry the achievements gained on a national scale to the international arena and to find a place in the world market with different machine design productions.<\/p>\t\t\t\t\t\t\t\t<\/div>\n\t\t\t\t<\/div>\n\t\t\t\t<div class=\"elementor-element elementor-element-ea23ce8 elementor-widget elementor-widget-heading\" data-id=\"ea23ce8\" data-element_type=\"widget\" data-e-type=\"widget\" data-widget_type=\"heading.default\">\n\t\t\t\t<div class=\"elementor-widget-container\">\n\t\t\t\t\t<h2 class=\"elementor-heading-title elementor-size-default\">Our Mission<\/h2>\t\t\t\t<\/div>\n\t\t\t\t<\/div>\n\t\t\t\t<div class=\"elementor-element elementor-element-20063fc elementor-widget elementor-widget-text-editor\" data-id=\"20063fc\" data-element_type=\"widget\" data-e-type=\"widget\" data-widget_type=\"text-editor.default\">\n\t\t\t\t<div class=\"elementor-widget-container\">\n\t\t\t\t\t\t\t\t\t<p>Bilgi ve birikimiyle, bizden talep edilen; makina imalat\u0131, yedek makina par\u00e7a, ba\u011flant\u0131 ekip ve elemanlar\u0131, \u00f6zel projeler tasarlay\u0131p imal ediyoruz. Her y\u00f6nden g\u00fcven duyulan bir firma olarak m\u00fc\u015fterilerimize do\u011fruluk ekseninde kalite sunuyoruz.<\/p>\t\t\t\t\t\t\t\t<\/div>\n\t\t\t\t<\/div>\n\t\t\t\t<div class=\"elementor-element elementor-element-1e6bb32a elementor-align-left elementor-widget elementor-widget-button\" data-id=\"1e6bb32a\" data-element_type=\"widget\" data-e-type=\"widget\" data-widget_type=\"button.default\">\n\t\t\t\t<div class=\"elementor-widget-container\">\n\t\t\t\t\t\t\t\t\t<div class=\"elementor-button-wrapper\">\n\t\t\t\t\t<a class=\"elementor-button elementor-button-link elementor-size-sm\" href=\"https:\/\/rcmakinamuhendislik.com.tr\/en\/belgelerimiz\/\">\n\t\t\t\t\t\t<span class=\"elementor-button-content-wrapper\">\n\t\t\t\t\t\t\t\t\t<span class=\"elementor-button-text\">Our Documents<\/span>\n\t\t\t\t\t<\/span>\n\t\t\t\t\t<\/a>\n\t\t\t\t<\/div>\n\t\t\t\t\t\t\t\t<\/div>\n\t\t\t\t<\/div>\n\t\t\t\t\t<\/div>\n\t\t<\/div>\n\t\t\t\t\t<\/div>\n\t\t<\/section>\n\t\t\t\t<\/div>","protected":false},"excerpt":{"rendered":"<p>Anasayfa \/ Hakk\u0131m\u0131zda \/ \u015eirket Profili \u015eirket Profili Vizyonumuz Faaliyet g\u00f6sterilen sekt\u00f6rlerde, uluslararas\u0131 kalite standartlar\u0131nda \u00fcr\u00fcn ve hizmetleri ile m\u00fc\u015fteri memnuniyetini daima \u00fcst seviyede tutarak; say\u0131n, g\u00fcvenilir ve tercih edilen firma olma \u00f6zelli\u011fini art\u0131rarak s\u00fcrd\u00fcrmek. Ulusal \u00f6l\u00e7ekte kazand\u0131\u011f\u0131 ba\u015far\u0131lar\u0131 uluslararas\u0131 arenaya ta\u015f\u0131mak ve farkl\u0131 makina tasar\u0131m imalatlar\u0131yla d\u00fcnya pazar\u0131nda yer bulmak. Misyonumuz Bilgi ve birikimiyle, [&hellip;]<\/p>\n","protected":false},"author":1,"featured_media":0,"parent":0,"menu_order":0,"comment_status":"closed","ping_status":"closed","template":"","meta":{"_joinchat":[],"footnotes":""},"class_list":["post-336","page","type-page","status-publish","hentry"],"yoast_head":"<!-- This site is optimized with the Yoast SEO Premium plugin v18.3 (Yoast SEO v27.1.1) - https:\/\/yoast.com\/product\/yoast-seo-premium-wordpress\/ -->\n<title>\u015eirket Profili - CNC \u0130\u015fleme Merkezi<\/title>\n<meta name=\"robots\" content=\"index, follow, max-snippet:-1, max-image-preview:large, max-video-preview:-1\" \/>\n<link rel=\"canonical\" href=\"https:\/\/rcmakinamuhendislik.com.tr\/en\/sirket-profili\/\" \/>\n<meta property=\"og:locale\" content=\"en_US\" \/>\n<meta property=\"og:type\" content=\"article\" \/>\n<meta property=\"og:title\" content=\"\u015eirket Profili\" \/>\n<meta property=\"og:description\" content=\"Anasayfa \/ Hakk\u0131m\u0131zda \/ \u015eirket Profili \u015eirket Profili Vizyonumuz Faaliyet g\u00f6sterilen sekt\u00f6rlerde, uluslararas\u0131 kalite standartlar\u0131nda \u00fcr\u00fcn ve hizmetleri ile m\u00fc\u015fteri memnuniyetini daima \u00fcst seviyede tutarak; say\u0131n, g\u00fcvenilir ve tercih edilen firma olma \u00f6zelli\u011fini art\u0131rarak s\u00fcrd\u00fcrmek. Ulusal \u00f6l\u00e7ekte kazand\u0131\u011f\u0131 ba\u015far\u0131lar\u0131 uluslararas\u0131 arenaya ta\u015f\u0131mak ve farkl\u0131 makina tasar\u0131m imalatlar\u0131yla d\u00fcnya pazar\u0131nda yer bulmak. Misyonumuz Bilgi ve birikimiyle, [&hellip;]\" \/>\n<meta property=\"og:url\" content=\"https:\/\/rcmakinamuhendislik.com.tr\/en\/sirket-profili\/\" \/>\n<meta property=\"og:site_name\" content=\"CNC \u0130\u015fleme Merkezi\" \/>\n<meta property=\"article:publisher\" content=\"https:\/\/www.facebook.com\/rcmakinamuhendislik\/\" \/>\n<meta property=\"article:modified_time\" content=\"2023-03-27T15:55:58+00:00\" \/>\n<meta property=\"og:image\" content=\"https:\/\/rcmakinamuhendislik.com.tr\/wp-content\/uploads\/2022\/11\/cnc-parcalar.jpg\" \/>\n<meta name=\"twitter:card\" content=\"summary_large_image\" \/>\n<meta name=\"twitter:label1\" content=\"Est. reading time\" \/>\n\t<meta name=\"twitter:data1\" content=\"1 minute\" \/>\n<script type=\"application\/ld+json\" class=\"yoast-schema-graph\">{\"@context\":\"https:\/\/schema.org\",\"@graph\":[{\"@type\":\"WebPage\",\"@id\":\"https:\/\/rcmakinamuhendislik.com.tr\/sirket-profili\/\",\"url\":\"https:\/\/rcmakinamuhendislik.com.tr\/sirket-profili\/\",\"name\":\"\u015eirket Profili - CNC \u0130\u015fleme Merkezi\",\"isPartOf\":{\"@id\":\"https:\/\/rcmakinamuhendislik.com.tr\/#website\"},\"primaryImageOfPage\":{\"@id\":\"https:\/\/rcmakinamuhendislik.com.tr\/sirket-profili\/#primaryimage\"},\"image\":{\"@id\":\"https:\/\/rcmakinamuhendislik.com.tr\/sirket-profili\/#primaryimage\"},\"thumbnailUrl\":\"https:\/\/rcmakinamuhendislik.com.tr\/wp-content\/uploads\/2022\/11\/cnc-parcalar.jpg\",\"datePublished\":\"2022-11-13T09:05:24+00:00\",\"dateModified\":\"2023-03-27T15:55:58+00:00\",\"breadcrumb\":{\"@id\":\"https:\/\/rcmakinamuhendislik.com.tr\/sirket-profili\/#breadcrumb\"},\"inLanguage\":\"en-US\",\"potentialAction\":[{\"@type\":\"ReadAction\",\"target\":[\"https:\/\/rcmakinamuhendislik.com.tr\/sirket-profili\/\"]}]},{\"@type\":\"ImageObject\",\"inLanguage\":\"en-US\",\"@id\":\"https:\/\/rcmakinamuhendislik.com.tr\/sirket-profili\/#primaryimage\",\"url\":\"https:\/\/rcmakinamuhendislik.com.tr\/wp-content\/uploads\/2022\/11\/cnc-parcalar.jpg\",\"contentUrl\":\"https:\/\/rcmakinamuhendislik.com.tr\/wp-content\/uploads\/2022\/11\/cnc-parcalar.jpg\"},{\"@type\":\"BreadcrumbList\",\"@id\":\"https:\/\/rcmakinamuhendislik.com.tr\/sirket-profili\/#breadcrumb\",\"itemListElement\":[{\"@type\":\"ListItem\",\"position\":1,\"name\":\"Anasayfa\",\"item\":\"https:\/\/rcmakinamuhendislik.com.tr\/\"},{\"@type\":\"ListItem\",\"position\":2,\"name\":\"\u015eirket Profili\"}]},{\"@type\":\"WebSite\",\"@id\":\"https:\/\/rcmakinamuhendislik.com.tr\/#website\",\"url\":\"https:\/\/rcmakinamuhendislik.com.tr\/\",\"name\":\"CNC \u0130\u015fleme Merkezi\",\"description\":\"RC MAK\u0130NA M\u00dcHEND\u0130SL\u0130K\",\"publisher\":{\"@id\":\"https:\/\/rcmakinamuhendislik.com.tr\/#organization\"},\"potentialAction\":[{\"@type\":\"SearchAction\",\"target\":{\"@type\":\"EntryPoint\",\"urlTemplate\":\"https:\/\/rcmakinamuhendislik.com.tr\/?s={search_term_string}\"},\"query-input\":{\"@type\":\"PropertyValueSpecification\",\"valueRequired\":true,\"valueName\":\"search_term_string\"}}],\"inLanguage\":\"en-US\"},{\"@type\":\"Organization\",\"@id\":\"https:\/\/rcmakinamuhendislik.com.tr\/#organization\",\"name\":\"RC Makina CNC \u0130\u015fleme Merkezi\",\"url\":\"https:\/\/rcmakinamuhendislik.com.tr\/\",\"logo\":{\"@type\":\"ImageObject\",\"inLanguage\":\"en-US\",\"@id\":\"https:\/\/rcmakinamuhendislik.com.tr\/#\/schema\/logo\/image\/\",\"url\":\"https:\/\/rcmakinamuhendislik.com.tr\/wp-content\/uploads\/2022\/11\/RC-makina-ana-logo.png\",\"contentUrl\":\"https:\/\/rcmakinamuhendislik.com.tr\/wp-content\/uploads\/2022\/11\/RC-makina-ana-logo.png\",\"width\":175,\"height\":54,\"caption\":\"RC Makina CNC \u0130\u015fleme Merkezi\"},\"image\":{\"@id\":\"https:\/\/rcmakinamuhendislik.com.tr\/#\/schema\/logo\/image\/\"},\"sameAs\":[\"https:\/\/www.facebook.com\/rcmakinamuhendislik\/\"]}]}<\/script>\n<!-- \/ Yoast SEO Premium plugin. -->","yoast_head_json":{"title":"\u015eirket Profili - CNC \u0130\u015fleme Merkezi","robots":{"index":"index","follow":"follow","max-snippet":"max-snippet:-1","max-image-preview":"max-image-preview:large","max-video-preview":"max-video-preview:-1"},"canonical":"https:\/\/rcmakinamuhendislik.com.tr\/en\/sirket-profili\/","og_locale":"en_US","og_type":"article","og_title":"\u015eirket Profili","og_description":"Anasayfa \/ Hakk\u0131m\u0131zda \/ \u015eirket Profili \u015eirket Profili Vizyonumuz Faaliyet g\u00f6sterilen sekt\u00f6rlerde, uluslararas\u0131 kalite standartlar\u0131nda \u00fcr\u00fcn ve hizmetleri ile m\u00fc\u015fteri memnuniyetini daima \u00fcst seviyede tutarak; say\u0131n, g\u00fcvenilir ve tercih edilen firma olma \u00f6zelli\u011fini art\u0131rarak s\u00fcrd\u00fcrmek. Ulusal \u00f6l\u00e7ekte kazand\u0131\u011f\u0131 ba\u015far\u0131lar\u0131 uluslararas\u0131 arenaya ta\u015f\u0131mak ve farkl\u0131 makina tasar\u0131m imalatlar\u0131yla d\u00fcnya pazar\u0131nda yer bulmak. Misyonumuz Bilgi ve birikimiyle, [&hellip;]","og_url":"https:\/\/rcmakinamuhendislik.com.tr\/en\/sirket-profili\/","og_site_name":"CNC \u0130\u015fleme Merkezi","article_publisher":"https:\/\/www.facebook.com\/rcmakinamuhendislik\/","article_modified_time":"2023-03-27T15:55:58+00:00","og_image":[{"url":"https:\/\/rcmakinamuhendislik.com.tr\/wp-content\/uploads\/2022\/11\/cnc-parcalar.jpg","type":"","width":"","height":""}],"twitter_card":"summary_large_image","twitter_misc":{"Est. reading time":"1 minute"},"schema":{"@context":"https:\/\/schema.org","@graph":[{"@type":"WebPage","@id":"https:\/\/rcmakinamuhendislik.com.tr\/sirket-profili\/","url":"https:\/\/rcmakinamuhendislik.com.tr\/sirket-profili\/","name":"\u015eirket Profili - CNC \u0130\u015fleme Merkezi","isPartOf":{"@id":"https:\/\/rcmakinamuhendislik.com.tr\/#website"},"primaryImageOfPage":{"@id":"https:\/\/rcmakinamuhendislik.com.tr\/sirket-profili\/#primaryimage"},"image":{"@id":"https:\/\/rcmakinamuhendislik.com.tr\/sirket-profili\/#primaryimage"},"thumbnailUrl":"https:\/\/rcmakinamuhendislik.com.tr\/wp-content\/uploads\/2022\/11\/cnc-parcalar.jpg","datePublished":"2022-11-13T09:05:24+00:00","dateModified":"2023-03-27T15:55:58+00:00","breadcrumb":{"@id":"https:\/\/rcmakinamuhendislik.com.tr\/sirket-profili\/#breadcrumb"},"inLanguage":"en-US","potentialAction":[{"@type":"ReadAction","target":["https:\/\/rcmakinamuhendislik.com.tr\/sirket-profili\/"]}]},{"@type":"ImageObject","inLanguage":"en-US","@id":"https:\/\/rcmakinamuhendislik.com.tr\/sirket-profili\/#primaryimage","url":"https:\/\/rcmakinamuhendislik.com.tr\/wp-content\/uploads\/2022\/11\/cnc-parcalar.jpg","contentUrl":"https:\/\/rcmakinamuhendislik.com.tr\/wp-content\/uploads\/2022\/11\/cnc-parcalar.jpg"},{"@type":"BreadcrumbList","@id":"https:\/\/rcmakinamuhendislik.com.tr\/sirket-profili\/#breadcrumb","itemListElement":[{"@type":"ListItem","position":1,"name":"Anasayfa","item":"https:\/\/rcmakinamuhendislik.com.tr\/"},{"@type":"ListItem","position":2,"name":"\u015eirket Profili"}]},{"@type":"WebSite","@id":"https:\/\/rcmakinamuhendislik.com.tr\/#website","url":"https:\/\/rcmakinamuhendislik.com.tr\/","name":"CNC Machining Center","description":"RC MAK\u0130NA M\u00dcHEND\u0130SL\u0130K","publisher":{"@id":"https:\/\/rcmakinamuhendislik.com.tr\/#organization"},"potentialAction":[{"@type":"SearchAction","target":{"@type":"EntryPoint","urlTemplate":"https:\/\/rcmakinamuhendislik.com.tr\/?s={search_term_string}"},"query-input":{"@type":"PropertyValueSpecification","valueRequired":true,"valueName":"search_term_string"}}],"inLanguage":"en-US"},{"@type":"Organization","@id":"https:\/\/rcmakinamuhendislik.com.tr\/#organization","name":"RC Makina CNC \u0130\u015fleme Merkezi","url":"https:\/\/rcmakinamuhendislik.com.tr\/","logo":{"@type":"ImageObject","inLanguage":"en-US","@id":"https:\/\/rcmakinamuhendislik.com.tr\/#\/schema\/logo\/image\/","url":"https:\/\/rcmakinamuhendislik.com.tr\/wp-content\/uploads\/2022\/11\/RC-makina-ana-logo.png","contentUrl":"https:\/\/rcmakinamuhendislik.com.tr\/wp-content\/uploads\/2022\/11\/RC-makina-ana-logo.png","width":175,"height":54,"caption":"RC Makina CNC \u0130\u015fleme Merkezi"},"image":{"@id":"https:\/\/rcmakinamuhendislik.com.tr\/#\/schema\/logo\/image\/"},"sameAs":["https:\/\/www.facebook.com\/rcmakinamuhendislik\/"]}]}},"_links":{"self":[{"href":"https:\/\/rcmakinamuhendislik.com.tr\/en\/wp-json\/wp\/v2\/pages\/336","targetHints":{"allow":["GET"]}}],"collection":[{"href":"https:\/\/rcmakinamuhendislik.com.tr\/en\/wp-json\/wp\/v2\/pages"}],"about":[{"href":"https:\/\/rcmakinamuhendislik.com.tr\/en\/wp-json\/wp\/v2\/types\/page"}],"author":[{"embeddable":true,"href":"https:\/\/rcmakinamuhendislik.com.tr\/en\/wp-json\/wp\/v2\/users\/1"}],"replies":[{"embeddable":true,"href":"https:\/\/rcmakinamuhendislik.com.tr\/en\/wp-json\/wp\/v2\/comments?post=336"}],"version-history":[{"count":12,"href":"https:\/\/rcmakinamuhendislik.com.tr\/en\/wp-json\/wp\/v2\/pages\/336\/revisions"}],"predecessor-version":[{"id":828,"href":"https:\/\/rcmakinamuhendislik.com.tr\/en\/wp-json\/wp\/v2\/pages\/336\/revisions\/828"}],"wp:attachment":[{"href":"https:\/\/rcmakinamuhendislik.com.tr\/en\/wp-json\/wp\/v2\/media?parent=336"}],"curies":[{"name":"wp","href":"https:\/\/api.w.org\/{rel}","templated":true}]}}