{"id":700,"date":"2022-11-23T00:24:29","date_gmt":"2022-11-22T21:24:29","guid":{"rendered":"https:\/\/rcmakinamuhendislik.com.tr\/?page_id=700"},"modified":"2022-11-23T00:27:38","modified_gmt":"2022-11-22T21:27:38","slug":"makina-parkuru-2","status":"publish","type":"page","link":"https:\/\/rcmakinamuhendislik.com.tr\/de\/makina-parkuru-2\/","title":{"rendered":"Maschinenspur"},"content":{"rendered":"<div data-elementor-type=\"wp-page\" data-elementor-id=\"700\" class=\"elementor elementor-700\" data-elementor-post-type=\"page\">\n\t\t\t\t\t\t<section class=\"elementor-section elementor-top-section elementor-element elementor-element-9b4e16a elementor-section-boxed elementor-section-height-default elementor-section-height-default\" data-id=\"9b4e16a\" data-element_type=\"section\" data-e-type=\"section\" data-settings=\"{&quot;background_background&quot;:&quot;classic&quot;}\">\n\t\t\t\t\t\t\t<div class=\"elementor-background-overlay\"><\/div>\n\t\t\t\t\t\t\t<div class=\"elementor-container elementor-column-gap-default\">\n\t\t\t\t\t<div class=\"elementor-column elementor-col-100 elementor-top-column elementor-element elementor-element-490348fe\" data-id=\"490348fe\" data-element_type=\"column\" data-e-type=\"column\">\n\t\t\t<div class=\"elementor-widget-wrap elementor-element-populated\">\n\t\t\t\t\t\t<div class=\"elementor-element elementor-element-10c82a36 elementor-widget__width-auto elementor-widget elementor-widget-heading\" data-id=\"10c82a36\" data-element_type=\"widget\" data-e-type=\"widget\" data-widget_type=\"heading.default\">\n\t\t\t\t<div class=\"elementor-widget-container\">\n\t\t\t\t\t<p class=\"elementor-heading-title elementor-size-default\"><a href=\"https:\/\/rcmakinamuhendislik.com.tr\/de\">Startseite<\/a><\/p>\t\t\t\t<\/div>\n\t\t\t\t<\/div>\n\t\t\t\t<div class=\"elementor-element elementor-element-285d9b80 elementor-widget__width-auto elementor-widget elementor-widget-heading\" data-id=\"285d9b80\" data-element_type=\"widget\" data-e-type=\"widget\" data-widget_type=\"heading.default\">\n\t\t\t\t<div class=\"elementor-widget-container\">\n\t\t\t\t\t<p class=\"elementor-heading-title elementor-size-default\">\/<\/p>\t\t\t\t<\/div>\n\t\t\t\t<\/div>\n\t\t\t\t<div class=\"elementor-element elementor-element-7d93b2c4 elementor-widget__width-auto elementor-widget elementor-widget-heading\" data-id=\"7d93b2c4\" data-element_type=\"widget\" data-e-type=\"widget\" data-widget_type=\"heading.default\">\n\t\t\t\t<div class=\"elementor-widget-container\">\n\t\t\t\t\t<p class=\"elementor-heading-title elementor-size-default\">Maschinenspur<\/p>\t\t\t\t<\/div>\n\t\t\t\t<\/div>\n\t\t\t\t<div class=\"elementor-element elementor-element-5d7d7a1 elementor-widget__width-auto elementor-widget elementor-widget-heading\" data-id=\"5d7d7a1\" data-element_type=\"widget\" data-e-type=\"widget\" data-widget_type=\"heading.default\">\n\t\t\t\t<div class=\"elementor-widget-container\">\n\t\t\t\t\t<p class=\"elementor-heading-title elementor-size-default\">\/<\/p>\t\t\t\t<\/div>\n\t\t\t\t<\/div>\n\t\t\t\t<div class=\"elementor-element elementor-element-59627f8e elementor-widget elementor-widget-heading\" data-id=\"59627f8e\" data-element_type=\"widget\" data-e-type=\"widget\" data-widget_type=\"heading.default\">\n\t\t\t\t<div class=\"elementor-widget-container\">\n\t\t\t\t\t<h2 class=\"elementor-heading-title elementor-size-default\">Maschinenspur<\/h2>\t\t\t\t<\/div>\n\t\t\t\t<\/div>\n\t\t\t\t\t<\/div>\n\t\t<\/div>\n\t\t\t\t\t<\/div>\n\t\t<\/section>\n\t\t\t\t<section class=\"elementor-section elementor-top-section elementor-element elementor-element-4685c39 elementor-section-boxed elementor-section-height-default elementor-section-height-default\" data-id=\"4685c39\" data-element_type=\"section\" data-e-type=\"section\">\n\t\t\t\t\t\t<div class=\"elementor-container elementor-column-gap-default\">\n\t\t\t\t\t<div class=\"elementor-column elementor-col-100 elementor-top-column elementor-element elementor-element-6bc2d52\" data-id=\"6bc2d52\" data-element_type=\"column\" data-e-type=\"column\">\n\t\t\t<div class=\"elementor-widget-wrap elementor-element-populated\">\n\t\t\t\t\t\t<div class=\"elementor-element elementor-element-9367701 elementor-widget elementor-widget-image-gallery\" data-id=\"9367701\" data-element_type=\"widget\" data-e-type=\"widget\" data-widget_type=\"image-gallery.default\">\n\t\t\t\t<div class=\"elementor-widget-container\">\n\t\t\t\t\t\t\t<div class=\"elementor-image-gallery\">\n\t\t\t<div id='gallery-1' class='gallery galleryid-700 gallery-columns-3 gallery-size-medium'><figure class='gallery-item'>\n\t\t\t<div class='gallery-icon portrait'>\n\t\t\t\t<a data-elementor-open-lightbox=\"yes\" data-elementor-lightbox-slideshow=\"9367701\" data-elementor-lightbox-title=\"frontier\" data-e-action-hash=\"#elementor-action%3Aaction%3Dlightbox%26settings%3DeyJpZCI6NzEwLCJ1cmwiOiJodHRwczpcL1wvcmNtYWtpbmFtdWhlbmRpc2xpay5jb20udHJcL3dwLWNvbnRlbnRcL3VwbG9hZHNcLzIwMjJcLzExXC9mcm9udGllci5wbmciLCJzbGlkZXNob3ciOiI5MzY3NzAxIn0%3D\" href='https:\/\/rcmakinamuhendislik.com.tr\/wp-content\/uploads\/2022\/11\/frontier.png'><img fetchpriority=\"high\" decoding=\"async\" width=\"278\" height=\"300\" src=\"https:\/\/rcmakinamuhendislik.com.tr\/wp-content\/uploads\/2022\/11\/frontier-278x300.png\" class=\"attachment-medium size-medium\" alt=\"\" srcset=\"https:\/\/rcmakinamuhendislik.com.tr\/wp-content\/uploads\/2022\/11\/frontier-278x300.png 278w, https:\/\/rcmakinamuhendislik.com.tr\/wp-content\/uploads\/2022\/11\/frontier-768x830.png 768w, https:\/\/rcmakinamuhendislik.com.tr\/wp-content\/uploads\/2022\/11\/frontier-11x12.png 11w, https:\/\/rcmakinamuhendislik.com.tr\/wp-content\/uploads\/2022\/11\/frontier.png 925w\" sizes=\"(max-width: 278px) 100vw, 278px\" wpfc-lazyload-disable=\"true\" \/><\/a>\n\t\t\t<\/div><\/figure><figure class='gallery-item'>\n\t\t\t<div class='gallery-icon landscape'>\n\t\t\t\t<a data-elementor-open-lightbox=\"yes\" data-elementor-lightbox-slideshow=\"9367701\" data-elementor-lightbox-title=\"finetech\" data-e-action-hash=\"#elementor-action%3Aaction%3Dlightbox%26settings%3DeyJpZCI6NzA5LCJ1cmwiOiJodHRwczpcL1wvcmNtYWtpbmFtdWhlbmRpc2xpay5jb20udHJcL3dwLWNvbnRlbnRcL3VwbG9hZHNcLzIwMjJcLzExXC9maW5ldGVjaC5qcGciLCJzbGlkZXNob3ciOiI5MzY3NzAxIn0%3D\" href='https:\/\/rcmakinamuhendislik.com.tr\/wp-content\/uploads\/2022\/11\/finetech.jpg'><img decoding=\"async\" width=\"300\" height=\"300\" src=\"https:\/\/rcmakinamuhendislik.com.tr\/wp-content\/uploads\/2022\/11\/finetech-300x300.jpg\" class=\"attachment-medium size-medium\" alt=\"\" srcset=\"https:\/\/rcmakinamuhendislik.com.tr\/wp-content\/uploads\/2022\/11\/finetech-300x300.jpg 300w, https:\/\/rcmakinamuhendislik.com.tr\/wp-content\/uploads\/2022\/11\/finetech-150x150.jpg 150w, https:\/\/rcmakinamuhendislik.com.tr\/wp-content\/uploads\/2022\/11\/finetech-12x12.jpg 12w, https:\/\/rcmakinamuhendislik.com.tr\/wp-content\/uploads\/2022\/11\/finetech.jpg 750w\" sizes=\"(max-width: 300px) 100vw, 300px\" wpfc-lazyload-disable=\"true\" \/><\/a>\n\t\t\t<\/div><\/figure><figure class='gallery-item'>\n\t\t\t<div class='gallery-icon landscape'>\n\t\t\t\t<a data-elementor-open-lightbox=\"yes\" data-elementor-lightbox-slideshow=\"9367701\" data-elementor-lightbox-title=\"torna\" data-e-action-hash=\"#elementor-action%3Aaction%3Dlightbox%26settings%3DeyJpZCI6NzA4LCJ1cmwiOiJodHRwczpcL1wvcmNtYWtpbmFtdWhlbmRpc2xpay5jb20udHJcL3dwLWNvbnRlbnRcL3VwbG9hZHNcLzIwMjJcLzExXC90b3JuYS5wbmciLCJzbGlkZXNob3ciOiI5MzY3NzAxIn0%3D\" href='https:\/\/rcmakinamuhendislik.com.tr\/wp-content\/uploads\/2022\/11\/torna.png'><img decoding=\"async\" width=\"300\" height=\"183\" src=\"https:\/\/rcmakinamuhendislik.com.tr\/wp-content\/uploads\/2022\/11\/torna-300x183.png\" class=\"attachment-medium size-medium\" alt=\"\" srcset=\"https:\/\/rcmakinamuhendislik.com.tr\/wp-content\/uploads\/2022\/11\/torna-300x183.png 300w, https:\/\/rcmakinamuhendislik.com.tr\/wp-content\/uploads\/2022\/11\/torna-18x12.png 18w, https:\/\/rcmakinamuhendislik.com.tr\/wp-content\/uploads\/2022\/11\/torna.png 639w\" sizes=\"(max-width: 300px) 100vw, 300px\" wpfc-lazyload-disable=\"true\" \/><\/a>\n\t\t\t<\/div><\/figure><figure class='gallery-item'>\n\t\t\t<div class='gallery-icon portrait'>\n\t\t\t\t<a data-elementor-open-lightbox=\"yes\" data-elementor-lightbox-slideshow=\"9367701\" data-elementor-lightbox-title=\"FR7V-PRO-1_17_3_2022_637831228649976465\" data-e-action-hash=\"#elementor-action%3Aaction%3Dlightbox%26settings%3DeyJpZCI6NzExLCJ1cmwiOiJodHRwczpcL1wvcmNtYWtpbmFtdWhlbmRpc2xpay5jb20udHJcL3dwLWNvbnRlbnRcL3VwbG9hZHNcLzIwMjJcLzExXC9GUjdWLVBSTy0xXzE3XzNfMjAyMl82Mzc4MzEyMjg2NDk5NzY0NjUuanBlZyIsInNsaWRlc2hvdyI6IjkzNjc3MDEifQ%3D%3D\" href='https:\/\/rcmakinamuhendislik.com.tr\/wp-content\/uploads\/2022\/11\/FR7V-PRO-1_17_3_2022_637831228649976465.jpeg'><img loading=\"lazy\" decoding=\"async\" width=\"258\" height=\"300\" src=\"https:\/\/rcmakinamuhendislik.com.tr\/wp-content\/uploads\/2022\/11\/FR7V-PRO-1_17_3_2022_637831228649976465-258x300.jpeg\" class=\"attachment-medium size-medium\" alt=\"\" srcset=\"https:\/\/rcmakinamuhendislik.com.tr\/wp-content\/uploads\/2022\/11\/FR7V-PRO-1_17_3_2022_637831228649976465-258x300.jpeg 258w, https:\/\/rcmakinamuhendislik.com.tr\/wp-content\/uploads\/2022\/11\/FR7V-PRO-1_17_3_2022_637831228649976465-881x1024.jpeg 881w, https:\/\/rcmakinamuhendislik.com.tr\/wp-content\/uploads\/2022\/11\/FR7V-PRO-1_17_3_2022_637831228649976465-768x892.jpeg 768w, https:\/\/rcmakinamuhendislik.com.tr\/wp-content\/uploads\/2022\/11\/FR7V-PRO-1_17_3_2022_637831228649976465-10x12.jpeg 10w, https:\/\/rcmakinamuhendislik.com.tr\/wp-content\/uploads\/2022\/11\/FR7V-PRO-1_17_3_2022_637831228649976465.jpeg 1291w\" sizes=\"(max-width: 258px) 100vw, 258px\" wpfc-lazyload-disable=\"true\" \/><\/a>\n\t\t\t<\/div><\/figure><figure class='gallery-item'>\n\t\t\t<div class='gallery-icon landscape'>\n\t\t\t\t<a data-elementor-open-lightbox=\"yes\" data-elementor-lightbox-slideshow=\"9367701\" data-elementor-lightbox-title=\"Used GILDEMEISTER NEF 600 CNC lathe with fixed tools M2205703193 1\" data-e-action-hash=\"#elementor-action%3Aaction%3Dlightbox%26settings%3DeyJpZCI6NzA3LCJ1cmwiOiJodHRwczpcL1wvcmNtYWtpbmFtdWhlbmRpc2xpay5jb20udHJcL3dwLWNvbnRlbnRcL3VwbG9hZHNcLzIwMjJcLzExXC9Vc2VkLUdJTERFTUVJU1RFUi1ORUYtNjAwLUNOQy1sYXRoZS13aXRoLWZpeGVkLXRvb2xzLU0yMjA1NzAzMTkzLTEuanBnIiwic2xpZGVzaG93IjoiOTM2NzcwMSJ9\" href='https:\/\/rcmakinamuhendislik.com.tr\/wp-content\/uploads\/2022\/11\/Used-GILDEMEISTER-NEF-600-CNC-lathe-with-fixed-tools-M2205703193-1.jpg'><img loading=\"lazy\" decoding=\"async\" width=\"300\" height=\"195\" src=\"https:\/\/rcmakinamuhendislik.com.tr\/wp-content\/uploads\/2022\/11\/Used-GILDEMEISTER-NEF-600-CNC-lathe-with-fixed-tools-M2205703193-1-300x195.jpg\" class=\"attachment-medium size-medium\" alt=\"\" srcset=\"https:\/\/rcmakinamuhendislik.com.tr\/wp-content\/uploads\/2022\/11\/Used-GILDEMEISTER-NEF-600-CNC-lathe-with-fixed-tools-M2205703193-1-300x195.jpg 300w, https:\/\/rcmakinamuhendislik.com.tr\/wp-content\/uploads\/2022\/11\/Used-GILDEMEISTER-NEF-600-CNC-lathe-with-fixed-tools-M2205703193-1-768x499.jpg 768w, https:\/\/rcmakinamuhendislik.com.tr\/wp-content\/uploads\/2022\/11\/Used-GILDEMEISTER-NEF-600-CNC-lathe-with-fixed-tools-M2205703193-1-18x12.jpg 18w, https:\/\/rcmakinamuhendislik.com.tr\/wp-content\/uploads\/2022\/11\/Used-GILDEMEISTER-NEF-600-CNC-lathe-with-fixed-tools-M2205703193-1.jpg 900w\" sizes=\"(max-width: 300px) 100vw, 300px\" wpfc-lazyload-disable=\"true\" \/><\/a>\n\t\t\t<\/div><\/figure><figure class='gallery-item'>\n\t\t\t<div class='gallery-icon landscape'>\n\t\t\t\t<a data-elementor-open-lightbox=\"yes\" data-elementor-lightbox-slideshow=\"9367701\" data-elementor-lightbox-title=\"11143870939186\" data-e-action-hash=\"#elementor-action%3Aaction%3Dlightbox%26settings%3DeyJpZCI6NzA2LCJ1cmwiOiJodHRwczpcL1wvcmNtYWtpbmFtdWhlbmRpc2xpay5jb20udHJcL3dwLWNvbnRlbnRcL3VwbG9hZHNcLzIwMjJcLzExXC8xMTE0Mzg3MDkzOTE4Ni5qcGciLCJzbGlkZXNob3ciOiI5MzY3NzAxIn0%3D\" href='https:\/\/rcmakinamuhendislik.com.tr\/wp-content\/uploads\/2022\/11\/11143870939186.jpg'><img loading=\"lazy\" decoding=\"async\" width=\"300\" height=\"300\" src=\"https:\/\/rcmakinamuhendislik.com.tr\/wp-content\/uploads\/2022\/11\/11143870939186-300x300.jpg\" class=\"attachment-medium size-medium\" alt=\"\" srcset=\"https:\/\/rcmakinamuhendislik.com.tr\/wp-content\/uploads\/2022\/11\/11143870939186-300x300.jpg 300w, https:\/\/rcmakinamuhendislik.com.tr\/wp-content\/uploads\/2022\/11\/11143870939186-150x150.jpg 150w, https:\/\/rcmakinamuhendislik.com.tr\/wp-content\/uploads\/2022\/11\/11143870939186-12x12.jpg 12w, https:\/\/rcmakinamuhendislik.com.tr\/wp-content\/uploads\/2022\/11\/11143870939186.jpg 375w\" sizes=\"(max-width: 300px) 100vw, 300px\" wpfc-lazyload-disable=\"true\" \/><\/a>\n\t\t\t<\/div><\/figure>\n\t\t<\/div>\n\t\t<\/div>\n\t\t\t\t\t\t<\/div>\n\t\t\t\t<\/div>\n\t\t\t\t\t<\/div>\n\t\t<\/div>\n\t\t\t\t\t<\/div>\n\t\t<\/section>\n\t\t\t\t<\/div>","protected":false},"excerpt":{"rendered":"<p>Anasayfa \/ Makina Parkuru \/ Makina Parkuru<\/p>","protected":false},"author":1,"featured_media":0,"parent":0,"menu_order":0,"comment_status":"closed","ping_status":"closed","template":"","meta":{"_joinchat":[],"footnotes":""},"class_list":["post-700","page","type-page","status-publish","hentry"],"yoast_head":"<!-- This site is optimized with the Yoast SEO Premium plugin v18.3 (Yoast SEO v27.1.1) - https:\/\/yoast.com\/product\/yoast-seo-premium-wordpress\/ -->\n<title>Makina Parkuru - CNC \u0130\u015fleme Merkezi<\/title>\n<meta name=\"robots\" content=\"index, follow, max-snippet:-1, max-image-preview:large, max-video-preview:-1\" \/>\n<link rel=\"canonical\" href=\"https:\/\/rcmakinamuhendislik.com.tr\/de\/makina-parkuru-2\/\" \/>\n<meta property=\"og:locale\" content=\"de_DE\" \/>\n<meta property=\"og:type\" content=\"article\" \/>\n<meta property=\"og:title\" content=\"Makina Parkuru\" \/>\n<meta property=\"og:description\" content=\"Anasayfa \/ Makina Parkuru \/ Makina Parkuru\" \/>\n<meta property=\"og:url\" content=\"https:\/\/rcmakinamuhendislik.com.tr\/de\/makina-parkuru-2\/\" \/>\n<meta property=\"og:site_name\" content=\"CNC \u0130\u015fleme Merkezi\" \/>\n<meta property=\"article:publisher\" content=\"https:\/\/www.facebook.com\/rcmakinamuhendislik\/\" \/>\n<meta property=\"article:modified_time\" content=\"2022-11-22T21:27:38+00:00\" \/>\n<meta property=\"og:image\" content=\"https:\/\/rcmakinamuhendislik.com.tr\/wp-content\/uploads\/2022\/11\/frontier-278x300.png\" \/>\n<meta name=\"twitter:card\" content=\"summary_large_image\" \/>\n<meta name=\"twitter:label1\" content=\"Gesch\u00e4tzte Lesezeit\" \/>\n\t<meta name=\"twitter:data1\" content=\"2\u00a0Minuten\" \/>\n<script type=\"application\/ld+json\" class=\"yoast-schema-graph\">{\"@context\":\"https:\/\/schema.org\",\"@graph\":[{\"@type\":\"WebPage\",\"@id\":\"https:\/\/rcmakinamuhendislik.com.tr\/makina-parkuru-2\/\",\"url\":\"https:\/\/rcmakinamuhendislik.com.tr\/makina-parkuru-2\/\",\"name\":\"Makina Parkuru - CNC \u0130\u015fleme Merkezi\",\"isPartOf\":{\"@id\":\"https:\/\/rcmakinamuhendislik.com.tr\/#website\"},\"primaryImageOfPage\":{\"@id\":\"https:\/\/rcmakinamuhendislik.com.tr\/makina-parkuru-2\/#primaryimage\"},\"image\":{\"@id\":\"https:\/\/rcmakinamuhendislik.com.tr\/makina-parkuru-2\/#primaryimage\"},\"thumbnailUrl\":\"https:\/\/rcmakinamuhendislik.com.tr\/wp-content\/uploads\/2022\/11\/frontier-278x300.png\",\"datePublished\":\"2022-11-22T21:24:29+00:00\",\"dateModified\":\"2022-11-22T21:27:38+00:00\",\"breadcrumb\":{\"@id\":\"https:\/\/rcmakinamuhendislik.com.tr\/makina-parkuru-2\/#breadcrumb\"},\"inLanguage\":\"de\",\"potentialAction\":[{\"@type\":\"ReadAction\",\"target\":[\"https:\/\/rcmakinamuhendislik.com.tr\/makina-parkuru-2\/\"]}]},{\"@type\":\"ImageObject\",\"inLanguage\":\"de\",\"@id\":\"https:\/\/rcmakinamuhendislik.com.tr\/makina-parkuru-2\/#primaryimage\",\"url\":\"https:\/\/rcmakinamuhendislik.com.tr\/wp-content\/uploads\/2022\/11\/frontier-278x300.png\",\"contentUrl\":\"https:\/\/rcmakinamuhendislik.com.tr\/wp-content\/uploads\/2022\/11\/frontier-278x300.png\"},{\"@type\":\"BreadcrumbList\",\"@id\":\"https:\/\/rcmakinamuhendislik.com.tr\/makina-parkuru-2\/#breadcrumb\",\"itemListElement\":[{\"@type\":\"ListItem\",\"position\":1,\"name\":\"Anasayfa\",\"item\":\"https:\/\/rcmakinamuhendislik.com.tr\/\"},{\"@type\":\"ListItem\",\"position\":2,\"name\":\"Makina Parkuru\"}]},{\"@type\":\"WebSite\",\"@id\":\"https:\/\/rcmakinamuhendislik.com.tr\/#website\",\"url\":\"https:\/\/rcmakinamuhendislik.com.tr\/\",\"name\":\"CNC \u0130\u015fleme Merkezi\",\"description\":\"RC MAK\u0130NA M\u00dcHEND\u0130SL\u0130K\",\"publisher\":{\"@id\":\"https:\/\/rcmakinamuhendislik.com.tr\/#organization\"},\"potentialAction\":[{\"@type\":\"SearchAction\",\"target\":{\"@type\":\"EntryPoint\",\"urlTemplate\":\"https:\/\/rcmakinamuhendislik.com.tr\/?s={search_term_string}\"},\"query-input\":{\"@type\":\"PropertyValueSpecification\",\"valueRequired\":true,\"valueName\":\"search_term_string\"}}],\"inLanguage\":\"de\"},{\"@type\":\"Organization\",\"@id\":\"https:\/\/rcmakinamuhendislik.com.tr\/#organization\",\"name\":\"RC Makina CNC \u0130\u015fleme Merkezi\",\"url\":\"https:\/\/rcmakinamuhendislik.com.tr\/\",\"logo\":{\"@type\":\"ImageObject\",\"inLanguage\":\"de\",\"@id\":\"https:\/\/rcmakinamuhendislik.com.tr\/#\/schema\/logo\/image\/\",\"url\":\"https:\/\/rcmakinamuhendislik.com.tr\/wp-content\/uploads\/2022\/11\/RC-makina-ana-logo.png\",\"contentUrl\":\"https:\/\/rcmakinamuhendislik.com.tr\/wp-content\/uploads\/2022\/11\/RC-makina-ana-logo.png\",\"width\":175,\"height\":54,\"caption\":\"RC Makina CNC \u0130\u015fleme Merkezi\"},\"image\":{\"@id\":\"https:\/\/rcmakinamuhendislik.com.tr\/#\/schema\/logo\/image\/\"},\"sameAs\":[\"https:\/\/www.facebook.com\/rcmakinamuhendislik\/\"]}]}<\/script>\n<!-- \/ Yoast SEO Premium plugin. -->","yoast_head_json":{"title":"Makina Parkuru - CNC \u0130\u015fleme Merkezi","robots":{"index":"index","follow":"follow","max-snippet":"max-snippet:-1","max-image-preview":"max-image-preview:large","max-video-preview":"max-video-preview:-1"},"canonical":"https:\/\/rcmakinamuhendislik.com.tr\/de\/makina-parkuru-2\/","og_locale":"de_DE","og_type":"article","og_title":"Makina Parkuru","og_description":"Anasayfa \/ Makina Parkuru \/ Makina Parkuru","og_url":"https:\/\/rcmakinamuhendislik.com.tr\/de\/makina-parkuru-2\/","og_site_name":"CNC \u0130\u015fleme Merkezi","article_publisher":"https:\/\/www.facebook.com\/rcmakinamuhendislik\/","article_modified_time":"2022-11-22T21:27:38+00:00","og_image":[{"url":"https:\/\/rcmakinamuhendislik.com.tr\/wp-content\/uploads\/2022\/11\/frontier-278x300.png","type":"","width":"","height":""}],"twitter_card":"summary_large_image","twitter_misc":{"Gesch\u00e4tzte Lesezeit":"2\u00a0Minuten"},"schema":{"@context":"https:\/\/schema.org","@graph":[{"@type":"WebPage","@id":"https:\/\/rcmakinamuhendislik.com.tr\/makina-parkuru-2\/","url":"https:\/\/rcmakinamuhendislik.com.tr\/makina-parkuru-2\/","name":"Makina Parkuru - CNC \u0130\u015fleme Merkezi","isPartOf":{"@id":"https:\/\/rcmakinamuhendislik.com.tr\/#website"},"primaryImageOfPage":{"@id":"https:\/\/rcmakinamuhendislik.com.tr\/makina-parkuru-2\/#primaryimage"},"image":{"@id":"https:\/\/rcmakinamuhendislik.com.tr\/makina-parkuru-2\/#primaryimage"},"thumbnailUrl":"https:\/\/rcmakinamuhendislik.com.tr\/wp-content\/uploads\/2022\/11\/frontier-278x300.png","datePublished":"2022-11-22T21:24:29+00:00","dateModified":"2022-11-22T21:27:38+00:00","breadcrumb":{"@id":"https:\/\/rcmakinamuhendislik.com.tr\/makina-parkuru-2\/#breadcrumb"},"inLanguage":"de","potentialAction":[{"@type":"ReadAction","target":["https:\/\/rcmakinamuhendislik.com.tr\/makina-parkuru-2\/"]}]},{"@type":"ImageObject","inLanguage":"de","@id":"https:\/\/rcmakinamuhendislik.com.tr\/makina-parkuru-2\/#primaryimage","url":"https:\/\/rcmakinamuhendislik.com.tr\/wp-content\/uploads\/2022\/11\/frontier-278x300.png","contentUrl":"https:\/\/rcmakinamuhendislik.com.tr\/wp-content\/uploads\/2022\/11\/frontier-278x300.png"},{"@type":"BreadcrumbList","@id":"https:\/\/rcmakinamuhendislik.com.tr\/makina-parkuru-2\/#breadcrumb","itemListElement":[{"@type":"ListItem","position":1,"name":"Anasayfa","item":"https:\/\/rcmakinamuhendislik.com.tr\/"},{"@type":"ListItem","position":2,"name":"Makina Parkuru"}]},{"@type":"WebSite","@id":"https:\/\/rcmakinamuhendislik.com.tr\/#website","url":"https:\/\/rcmakinamuhendislik.com.tr\/","name":"CNC-Bearbeitungszentrum","description":"RC MAK\u0130NA M\u00dcHEND\u0130SL\u0130K","publisher":{"@id":"https:\/\/rcmakinamuhendislik.com.tr\/#organization"},"potentialAction":[{"@type":"SearchAction","target":{"@type":"EntryPoint","urlTemplate":"https:\/\/rcmakinamuhendislik.com.tr\/?s={search_term_string}"},"query-input":{"@type":"PropertyValueSpecification","valueRequired":true,"valueName":"search_term_string"}}],"inLanguage":"de"},{"@type":"Organization","@id":"https:\/\/rcmakinamuhendislik.com.tr\/#organization","name":"RC Makina CNC \u0130\u015fleme Merkezi","url":"https:\/\/rcmakinamuhendislik.com.tr\/","logo":{"@type":"ImageObject","inLanguage":"de","@id":"https:\/\/rcmakinamuhendislik.com.tr\/#\/schema\/logo\/image\/","url":"https:\/\/rcmakinamuhendislik.com.tr\/wp-content\/uploads\/2022\/11\/RC-makina-ana-logo.png","contentUrl":"https:\/\/rcmakinamuhendislik.com.tr\/wp-content\/uploads\/2022\/11\/RC-makina-ana-logo.png","width":175,"height":54,"caption":"RC Makina CNC \u0130\u015fleme Merkezi"},"image":{"@id":"https:\/\/rcmakinamuhendislik.com.tr\/#\/schema\/logo\/image\/"},"sameAs":["https:\/\/www.facebook.com\/rcmakinamuhendislik\/"]}]}},"_links":{"self":[{"href":"https:\/\/rcmakinamuhendislik.com.tr\/de\/wp-json\/wp\/v2\/pages\/700","targetHints":{"allow":["GET"]}}],"collection":[{"href":"https:\/\/rcmakinamuhendislik.com.tr\/de\/wp-json\/wp\/v2\/pages"}],"about":[{"href":"https:\/\/rcmakinamuhendislik.com.tr\/de\/wp-json\/wp\/v2\/types\/page"}],"author":[{"embeddable":true,"href":"https:\/\/rcmakinamuhendislik.com.tr\/de\/wp-json\/wp\/v2\/users\/1"}],"replies":[{"embeddable":true,"href":"https:\/\/rcmakinamuhendislik.com.tr\/de\/wp-json\/wp\/v2\/comments?post=700"}],"version-history":[{"count":4,"href":"https:\/\/rcmakinamuhendislik.com.tr\/de\/wp-json\/wp\/v2\/pages\/700\/revisions"}],"predecessor-version":[{"id":714,"href":"https:\/\/rcmakinamuhendislik.com.tr\/de\/wp-json\/wp\/v2\/pages\/700\/revisions\/714"}],"wp:attachment":[{"href":"https:\/\/rcmakinamuhendislik.com.tr\/de\/wp-json\/wp\/v2\/media?parent=700"}],"curies":[{"name":"wp","href":"https:\/\/api.w.org\/{rel}","templated":true}]}}