{"id":400,"date":"2022-11-13T12:20:35","date_gmt":"2022-11-13T09:20:35","guid":{"rendered":"https:\/\/rcmakinamuhendislik.com.tr\/?page_id=400"},"modified":"2022-11-22T23:50:46","modified_gmt":"2022-11-22T20:50:46","slug":"iletisim","status":"publish","type":"page","link":"https:\/\/rcmakinamuhendislik.com.tr\/de\/iletisim\/","title":{"rendered":"Kontakt"},"content":{"rendered":"<div data-elementor-type=\"wp-page\" data-elementor-id=\"400\" class=\"elementor elementor-400\" data-elementor-post-type=\"page\">\n\t\t\t\t\t\t<section class=\"elementor-section elementor-top-section elementor-element elementor-element-23273a5c elementor-section-boxed elementor-section-height-default elementor-section-height-default\" data-id=\"23273a5c\" data-element_type=\"section\" data-e-type=\"section\" data-settings=\"{&quot;background_background&quot;:&quot;classic&quot;}\">\n\t\t\t\t\t\t\t<div class=\"elementor-background-overlay\"><\/div>\n\t\t\t\t\t\t\t<div class=\"elementor-container elementor-column-gap-default\">\n\t\t\t\t\t<div class=\"elementor-column elementor-col-100 elementor-top-column elementor-element elementor-element-74f75d44\" data-id=\"74f75d44\" data-element_type=\"column\" data-e-type=\"column\">\n\t\t\t<div class=\"elementor-widget-wrap elementor-element-populated\">\n\t\t\t\t\t\t<div class=\"elementor-element elementor-element-5038a165 elementor-widget__width-auto elementor-widget elementor-widget-heading\" data-id=\"5038a165\" data-element_type=\"widget\" data-e-type=\"widget\" data-widget_type=\"heading.default\">\n\t\t\t\t<div class=\"elementor-widget-container\">\n\t\t\t\t\t<p class=\"elementor-heading-title elementor-size-default\"><a href=\"https:\/\/rcmakinamuhendislik.com.tr\/de\">Startseite<\/a><\/p>\t\t\t\t<\/div>\n\t\t\t\t<\/div>\n\t\t\t\t<div class=\"elementor-element elementor-element-74d009d3 elementor-widget__width-auto elementor-widget elementor-widget-heading\" data-id=\"74d009d3\" data-element_type=\"widget\" data-e-type=\"widget\" data-widget_type=\"heading.default\">\n\t\t\t\t<div class=\"elementor-widget-container\">\n\t\t\t\t\t<p class=\"elementor-heading-title elementor-size-default\">\/<\/p>\t\t\t\t<\/div>\n\t\t\t\t<\/div>\n\t\t\t\t<div class=\"elementor-element elementor-element-2ad7f81c elementor-widget__width-auto elementor-widget elementor-widget-heading\" data-id=\"2ad7f81c\" data-element_type=\"widget\" data-e-type=\"widget\" data-widget_type=\"heading.default\">\n\t\t\t\t<div class=\"elementor-widget-container\">\n\t\t\t\t\t<p class=\"elementor-heading-title elementor-size-default\">Kontakt<\/p>\t\t\t\t<\/div>\n\t\t\t\t<\/div>\n\t\t\t\t<div class=\"elementor-element elementor-element-1622b33f elementor-widget elementor-widget-heading\" data-id=\"1622b33f\" data-element_type=\"widget\" data-e-type=\"widget\" data-widget_type=\"heading.default\">\n\t\t\t\t<div class=\"elementor-widget-container\">\n\t\t\t\t\t<h2 class=\"elementor-heading-title elementor-size-default\">Kontakt<\/h2>\t\t\t\t<\/div>\n\t\t\t\t<\/div>\n\t\t\t\t\t<\/div>\n\t\t<\/div>\n\t\t\t\t\t<\/div>\n\t\t<\/section>\n\t\t\t\t<section class=\"elementor-section elementor-top-section elementor-element elementor-element-4047e4e0 elementor-section-boxed elementor-section-height-default elementor-section-height-default\" data-id=\"4047e4e0\" data-element_type=\"section\" data-e-type=\"section\" data-settings=\"{&quot;background_background&quot;:&quot;classic&quot;}\">\n\t\t\t\t\t\t<div class=\"elementor-container elementor-column-gap-default\">\n\t\t\t\t\t<div class=\"elementor-column elementor-col-33 elementor-top-column elementor-element elementor-element-3bd1bde1\" data-id=\"3bd1bde1\" data-element_type=\"column\" data-e-type=\"column\">\n\t\t\t<div class=\"elementor-widget-wrap elementor-element-populated\">\n\t\t\t\t\t\t<div class=\"elementor-element elementor-element-0279050 elementor-view-default elementor-position-block-start elementor-mobile-position-block-start elementor-widget elementor-widget-icon-box\" data-id=\"0279050\" data-element_type=\"widget\" data-e-type=\"widget\" data-widget_type=\"icon-box.default\">\n\t\t\t\t<div class=\"elementor-widget-container\">\n\t\t\t\t\t\t\t<div class=\"elementor-icon-box-wrapper\">\n\n\t\t\t\t\t\t<div class=\"elementor-icon-box-icon\">\n\t\t\t\t<span  class=\"elementor-icon\">\n\t\t\t\t<i aria-hidden=\"true\" class=\"fas fa-map-marker-alt\"><\/i>\t\t\t\t<\/span>\n\t\t\t<\/div>\n\t\t\t\n\t\t\t\t\t\t<div class=\"elementor-icon-box-content\">\n\n\t\t\t\t\n\t\t\t\t\t\t\t\t\t<p class=\"elementor-icon-box-description\">\n\t\t\t\t\t\tSanayi Mahallesi \u0130zmit Sanayi Sitesi 13. Cadde 314 Blok No: 38 \u0130zmit\/KOCAEL\u0130\t\t\t\t\t<\/p>\n\t\t\t\t\n\t\t\t<\/div>\n\t\t\t\n\t\t<\/div>\n\t\t\t\t\t\t<\/div>\n\t\t\t\t<\/div>\n\t\t\t\t\t<\/div>\n\t\t<\/div>\n\t\t\t\t<div class=\"elementor-column elementor-col-33 elementor-top-column elementor-element elementor-element-22e3ba98\" data-id=\"22e3ba98\" data-element_type=\"column\" data-e-type=\"column\">\n\t\t\t<div class=\"elementor-widget-wrap elementor-element-populated\">\n\t\t\t\t\t\t<div class=\"elementor-element elementor-element-2bf1e7b elementor-view-default elementor-position-block-start elementor-mobile-position-block-start elementor-widget elementor-widget-icon-box\" data-id=\"2bf1e7b\" data-element_type=\"widget\" data-e-type=\"widget\" data-widget_type=\"icon-box.default\">\n\t\t\t\t<div class=\"elementor-widget-container\">\n\t\t\t\t\t\t\t<div class=\"elementor-icon-box-wrapper\">\n\n\t\t\t\t\t\t<div class=\"elementor-icon-box-icon\">\n\t\t\t\t<span  class=\"elementor-icon\">\n\t\t\t\t<i aria-hidden=\"true\" class=\"fas fa-phone-alt\"><\/i>\t\t\t\t<\/span>\n\t\t\t<\/div>\n\t\t\t\n\t\t\t\t\t\t<div class=\"elementor-icon-box-content\">\n\n\t\t\t\t\n\t\t\t\t\t\t\t\t\t<p class=\"elementor-icon-box-description\">\n\t\t\t\t\t\t0262 335 6268<br>\n0551 417 4749 |\n0539 887 0568 \t\t\t\t\t<\/p>\n\t\t\t\t\n\t\t\t<\/div>\n\t\t\t\n\t\t<\/div>\n\t\t\t\t\t\t<\/div>\n\t\t\t\t<\/div>\n\t\t\t\t\t<\/div>\n\t\t<\/div>\n\t\t\t\t<div data-ep-wrapper-link=\"{&quot;url&quot;:&quot;mailto:info@rcmakinamuhendislik.com.tr&quot;,&quot;is_external&quot;:&quot;&quot;,&quot;nofollow&quot;:&quot;&quot;,&quot;custom_attributes&quot;:&quot;&quot;}\" style=\"cursor: pointer\" class=\"bdt-element-link elementor-column elementor-col-33 elementor-top-column elementor-element elementor-element-183080fe\" data-id=\"183080fe\" data-element_type=\"column\" data-e-type=\"column\">\n\t\t\t<div class=\"elementor-widget-wrap elementor-element-populated\">\n\t\t\t\t\t\t<div class=\"elementor-element elementor-element-2c1e526 elementor-view-default elementor-position-block-start elementor-mobile-position-block-start elementor-widget elementor-widget-icon-box\" data-id=\"2c1e526\" data-element_type=\"widget\" data-e-type=\"widget\" data-widget_type=\"icon-box.default\">\n\t\t\t\t<div class=\"elementor-widget-container\">\n\t\t\t\t\t\t\t<div class=\"elementor-icon-box-wrapper\">\n\n\t\t\t\t\t\t<div class=\"elementor-icon-box-icon\">\n\t\t\t\t<span  class=\"elementor-icon\">\n\t\t\t\t<i aria-hidden=\"true\" class=\"fas fa-envelope-open-text\"><\/i>\t\t\t\t<\/span>\n\t\t\t<\/div>\n\t\t\t\n\t\t\t\t\t\t<div class=\"elementor-icon-box-content\">\n\n\t\t\t\t\n\t\t\t\t\t\t\t\t\t<p class=\"elementor-icon-box-description\">\n\t\t\t\t\t\tinfo@rcmakinamuhendislik.com.tr\t\t\t\t\t<\/p>\n\t\t\t\t\n\t\t\t<\/div>\n\t\t\t\n\t\t<\/div>\n\t\t\t\t\t\t<\/div>\n\t\t\t\t<\/div>\n\t\t\t\t\t<\/div>\n\t\t<\/div>\n\t\t\t\t\t<\/div>\n\t\t<\/section>\n\t\t\t\t<section class=\"elementor-section elementor-top-section elementor-element elementor-element-5fa50247 elementor-section-full_width elementor-section-height-default elementor-section-height-default\" data-id=\"5fa50247\" data-element_type=\"section\" data-e-type=\"section\">\n\t\t\t\t\t\t<div class=\"elementor-container elementor-column-gap-default\">\n\t\t\t\t\t<div class=\"elementor-column elementor-col-100 elementor-top-column elementor-element elementor-element-2f1058ba\" data-id=\"2f1058ba\" data-element_type=\"column\" data-e-type=\"column\">\n\t\t\t<div class=\"elementor-widget-wrap elementor-element-populated\">\n\t\t\t\t\t\t<div class=\"elementor-element elementor-element-64f26cbf elementor-widget elementor-widget-google_maps\" data-id=\"64f26cbf\" data-element_type=\"widget\" data-e-type=\"widget\" data-widget_type=\"google_maps.default\">\n\t\t\t\t<div class=\"elementor-widget-container\">\n\t\t\t\t\t\t\t<div class=\"elementor-custom-embed\">\n\t\t\t<iframe loading=\"lazy\"\n\t\t\t\t\tsrc=\"https:\/\/maps.google.com\/maps?q=rc%20makina&#038;t=m&#038;z=16&#038;output=embed&#038;iwloc=near\"\n\t\t\t\t\ttitle=\"rc makina\"\n\t\t\t\t\taria-label=\"rc makina\"\n\t\t\t><\/iframe>\n\t\t<\/div>\n\t\t\t\t\t\t<\/div>\n\t\t\t\t<\/div>\n\t\t\t\t\t<\/div>\n\t\t<\/div>\n\t\t\t\t\t<\/div>\n\t\t<\/section>\n\t\t\t\t<\/div>","protected":false},"excerpt":{"rendered":"<p>Anasayfa \/ \u0130leti\u015fim \u0130leti\u015fim Sanayi Mahallesi \u0130zmit Sanayi Sitesi 13. Cadde 314 Blok No: 38 \u0130zmit\/KOCAEL\u0130 0262 335 6268 0551 417 4749 | 0539 887 0568 info@rcmakinamuhendislik.com.tr<\/p>","protected":false},"author":1,"featured_media":0,"parent":0,"menu_order":0,"comment_status":"closed","ping_status":"closed","template":"elementor_header_footer","meta":{"_joinchat":[],"footnotes":""},"class_list":["post-400","page","type-page","status-publish","hentry"],"yoast_head":"<!-- This site is optimized with the Yoast SEO Premium plugin v18.3 (Yoast SEO v27.1.1) - https:\/\/yoast.com\/product\/yoast-seo-premium-wordpress\/ -->\n<title>\u0130leti\u015fim - CNC \u0130\u015fleme Merkezi<\/title>\n<meta name=\"robots\" content=\"index, follow, max-snippet:-1, max-image-preview:large, max-video-preview:-1\" \/>\n<link rel=\"canonical\" href=\"https:\/\/rcmakinamuhendislik.com.tr\/de\/iletisim\/\" \/>\n<meta property=\"og:locale\" content=\"de_DE\" \/>\n<meta property=\"og:type\" content=\"article\" \/>\n<meta property=\"og:title\" content=\"\u0130leti\u015fim\" \/>\n<meta property=\"og:description\" content=\"Anasayfa \/ \u0130leti\u015fim \u0130leti\u015fim Sanayi Mahallesi \u0130zmit Sanayi Sitesi 13. Cadde 314 Blok No: 38 \u0130zmit\/KOCAEL\u0130 0262 335 6268 0551 417 4749 | 0539 887 0568 info@rcmakinamuhendislik.com.tr\" \/>\n<meta property=\"og:url\" content=\"https:\/\/rcmakinamuhendislik.com.tr\/de\/iletisim\/\" \/>\n<meta property=\"og:site_name\" content=\"CNC \u0130\u015fleme Merkezi\" \/>\n<meta property=\"article:publisher\" content=\"https:\/\/www.facebook.com\/rcmakinamuhendislik\/\" \/>\n<meta property=\"article:modified_time\" content=\"2022-11-22T20:50:46+00:00\" \/>\n<meta name=\"twitter:card\" content=\"summary_large_image\" \/>\n<meta name=\"twitter:label1\" content=\"Gesch\u00e4tzte Lesezeit\" \/>\n\t<meta name=\"twitter:data1\" content=\"1\u00a0Minute\" \/>\n<script type=\"application\/ld+json\" class=\"yoast-schema-graph\">{\"@context\":\"https:\/\/schema.org\",\"@graph\":[{\"@type\":\"WebPage\",\"@id\":\"https:\/\/rcmakinamuhendislik.com.tr\/iletisim\/\",\"url\":\"https:\/\/rcmakinamuhendislik.com.tr\/iletisim\/\",\"name\":\"\u0130leti\u015fim - CNC \u0130\u015fleme Merkezi\",\"isPartOf\":{\"@id\":\"https:\/\/rcmakinamuhendislik.com.tr\/#website\"},\"datePublished\":\"2022-11-13T09:20:35+00:00\",\"dateModified\":\"2022-11-22T20:50:46+00:00\",\"breadcrumb\":{\"@id\":\"https:\/\/rcmakinamuhendislik.com.tr\/iletisim\/#breadcrumb\"},\"inLanguage\":\"de\",\"potentialAction\":[{\"@type\":\"ReadAction\",\"target\":[\"https:\/\/rcmakinamuhendislik.com.tr\/iletisim\/\"]}]},{\"@type\":\"BreadcrumbList\",\"@id\":\"https:\/\/rcmakinamuhendislik.com.tr\/iletisim\/#breadcrumb\",\"itemListElement\":[{\"@type\":\"ListItem\",\"position\":1,\"name\":\"Anasayfa\",\"item\":\"https:\/\/rcmakinamuhendislik.com.tr\/\"},{\"@type\":\"ListItem\",\"position\":2,\"name\":\"\u0130leti\u015fim\"}]},{\"@type\":\"WebSite\",\"@id\":\"https:\/\/rcmakinamuhendislik.com.tr\/#website\",\"url\":\"https:\/\/rcmakinamuhendislik.com.tr\/\",\"name\":\"CNC \u0130\u015fleme Merkezi\",\"description\":\"RC MAK\u0130NA M\u00dcHEND\u0130SL\u0130K\",\"publisher\":{\"@id\":\"https:\/\/rcmakinamuhendislik.com.tr\/#organization\"},\"potentialAction\":[{\"@type\":\"SearchAction\",\"target\":{\"@type\":\"EntryPoint\",\"urlTemplate\":\"https:\/\/rcmakinamuhendislik.com.tr\/?s={search_term_string}\"},\"query-input\":{\"@type\":\"PropertyValueSpecification\",\"valueRequired\":true,\"valueName\":\"search_term_string\"}}],\"inLanguage\":\"de\"},{\"@type\":\"Organization\",\"@id\":\"https:\/\/rcmakinamuhendislik.com.tr\/#organization\",\"name\":\"RC Makina CNC \u0130\u015fleme Merkezi\",\"url\":\"https:\/\/rcmakinamuhendislik.com.tr\/\",\"logo\":{\"@type\":\"ImageObject\",\"inLanguage\":\"de\",\"@id\":\"https:\/\/rcmakinamuhendislik.com.tr\/#\/schema\/logo\/image\/\",\"url\":\"https:\/\/rcmakinamuhendislik.com.tr\/wp-content\/uploads\/2022\/11\/RC-makina-ana-logo.png\",\"contentUrl\":\"https:\/\/rcmakinamuhendislik.com.tr\/wp-content\/uploads\/2022\/11\/RC-makina-ana-logo.png\",\"width\":175,\"height\":54,\"caption\":\"RC Makina CNC \u0130\u015fleme Merkezi\"},\"image\":{\"@id\":\"https:\/\/rcmakinamuhendislik.com.tr\/#\/schema\/logo\/image\/\"},\"sameAs\":[\"https:\/\/www.facebook.com\/rcmakinamuhendislik\/\"]}]}<\/script>\n<!-- \/ Yoast SEO Premium plugin. -->","yoast_head_json":{"title":"\u0130leti\u015fim - CNC \u0130\u015fleme Merkezi","robots":{"index":"index","follow":"follow","max-snippet":"max-snippet:-1","max-image-preview":"max-image-preview:large","max-video-preview":"max-video-preview:-1"},"canonical":"https:\/\/rcmakinamuhendislik.com.tr\/de\/iletisim\/","og_locale":"de_DE","og_type":"article","og_title":"\u0130leti\u015fim","og_description":"Anasayfa \/ \u0130leti\u015fim \u0130leti\u015fim Sanayi Mahallesi \u0130zmit Sanayi Sitesi 13. Cadde 314 Blok No: 38 \u0130zmit\/KOCAEL\u0130 0262 335 6268 0551 417 4749 | 0539 887 0568 info@rcmakinamuhendislik.com.tr","og_url":"https:\/\/rcmakinamuhendislik.com.tr\/de\/iletisim\/","og_site_name":"CNC \u0130\u015fleme Merkezi","article_publisher":"https:\/\/www.facebook.com\/rcmakinamuhendislik\/","article_modified_time":"2022-11-22T20:50:46+00:00","twitter_card":"summary_large_image","twitter_misc":{"Gesch\u00e4tzte Lesezeit":"1\u00a0Minute"},"schema":{"@context":"https:\/\/schema.org","@graph":[{"@type":"WebPage","@id":"https:\/\/rcmakinamuhendislik.com.tr\/iletisim\/","url":"https:\/\/rcmakinamuhendislik.com.tr\/iletisim\/","name":"\u0130leti\u015fim - CNC \u0130\u015fleme Merkezi","isPartOf":{"@id":"https:\/\/rcmakinamuhendislik.com.tr\/#website"},"datePublished":"2022-11-13T09:20:35+00:00","dateModified":"2022-11-22T20:50:46+00:00","breadcrumb":{"@id":"https:\/\/rcmakinamuhendislik.com.tr\/iletisim\/#breadcrumb"},"inLanguage":"de","potentialAction":[{"@type":"ReadAction","target":["https:\/\/rcmakinamuhendislik.com.tr\/iletisim\/"]}]},{"@type":"BreadcrumbList","@id":"https:\/\/rcmakinamuhendislik.com.tr\/iletisim\/#breadcrumb","itemListElement":[{"@type":"ListItem","position":1,"name":"Anasayfa","item":"https:\/\/rcmakinamuhendislik.com.tr\/"},{"@type":"ListItem","position":2,"name":"\u0130leti\u015fim"}]},{"@type":"WebSite","@id":"https:\/\/rcmakinamuhendislik.com.tr\/#website","url":"https:\/\/rcmakinamuhendislik.com.tr\/","name":"CNC-Bearbeitungszentrum","description":"RC MAK\u0130NA M\u00dcHEND\u0130SL\u0130K","publisher":{"@id":"https:\/\/rcmakinamuhendislik.com.tr\/#organization"},"potentialAction":[{"@type":"SearchAction","target":{"@type":"EntryPoint","urlTemplate":"https:\/\/rcmakinamuhendislik.com.tr\/?s={search_term_string}"},"query-input":{"@type":"PropertyValueSpecification","valueRequired":true,"valueName":"search_term_string"}}],"inLanguage":"de"},{"@type":"Organization","@id":"https:\/\/rcmakinamuhendislik.com.tr\/#organization","name":"RC Makina CNC \u0130\u015fleme Merkezi","url":"https:\/\/rcmakinamuhendislik.com.tr\/","logo":{"@type":"ImageObject","inLanguage":"de","@id":"https:\/\/rcmakinamuhendislik.com.tr\/#\/schema\/logo\/image\/","url":"https:\/\/rcmakinamuhendislik.com.tr\/wp-content\/uploads\/2022\/11\/RC-makina-ana-logo.png","contentUrl":"https:\/\/rcmakinamuhendislik.com.tr\/wp-content\/uploads\/2022\/11\/RC-makina-ana-logo.png","width":175,"height":54,"caption":"RC Makina CNC \u0130\u015fleme Merkezi"},"image":{"@id":"https:\/\/rcmakinamuhendislik.com.tr\/#\/schema\/logo\/image\/"},"sameAs":["https:\/\/www.facebook.com\/rcmakinamuhendislik\/"]}]}},"_links":{"self":[{"href":"https:\/\/rcmakinamuhendislik.com.tr\/de\/wp-json\/wp\/v2\/pages\/400","targetHints":{"allow":["GET"]}}],"collection":[{"href":"https:\/\/rcmakinamuhendislik.com.tr\/de\/wp-json\/wp\/v2\/pages"}],"about":[{"href":"https:\/\/rcmakinamuhendislik.com.tr\/de\/wp-json\/wp\/v2\/types\/page"}],"author":[{"embeddable":true,"href":"https:\/\/rcmakinamuhendislik.com.tr\/de\/wp-json\/wp\/v2\/users\/1"}],"replies":[{"embeddable":true,"href":"https:\/\/rcmakinamuhendislik.com.tr\/de\/wp-json\/wp\/v2\/comments?post=400"}],"version-history":[{"count":16,"href":"https:\/\/rcmakinamuhendislik.com.tr\/de\/wp-json\/wp\/v2\/pages\/400\/revisions"}],"predecessor-version":[{"id":679,"href":"https:\/\/rcmakinamuhendislik.com.tr\/de\/wp-json\/wp\/v2\/pages\/400\/revisions\/679"}],"wp:attachment":[{"href":"https:\/\/rcmakinamuhendislik.com.tr\/de\/wp-json\/wp\/v2\/media?parent=400"}],"curies":[{"name":"wp","href":"https:\/\/api.w.org\/{rel}","templated":true}]}}