{"id":326,"date":"2022-11-13T11:05:36","date_gmt":"2022-11-13T08:05:36","guid":{"rendered":"https:\/\/rcmakinamuhendislik.com.tr\/?page_id=326"},"modified":"2022-11-24T12:53:41","modified_gmt":"2022-11-24T09:53:41","slug":"hakkimizda","status":"publish","type":"page","link":"https:\/\/rcmakinamuhendislik.com.tr\/de\/hakkimizda\/","title":{"rendered":"\u00dcber Uns"},"content":{"rendered":"<div data-elementor-type=\"wp-page\" data-elementor-id=\"326\" class=\"elementor elementor-326\" data-elementor-post-type=\"page\">\n\t\t\t\t\t\t<section class=\"elementor-section elementor-top-section elementor-element elementor-element-580eb1ec elementor-section-boxed elementor-section-height-default elementor-section-height-default\" data-id=\"580eb1ec\" data-element_type=\"section\" data-e-type=\"section\" data-settings=\"{&quot;background_background&quot;:&quot;classic&quot;}\">\n\t\t\t\t\t\t\t<div class=\"elementor-background-overlay\"><\/div>\n\t\t\t\t\t\t\t<div class=\"elementor-container elementor-column-gap-default\">\n\t\t\t\t\t<div class=\"elementor-column elementor-col-100 elementor-top-column elementor-element elementor-element-12eb8583\" data-id=\"12eb8583\" data-element_type=\"column\" data-e-type=\"column\">\n\t\t\t<div class=\"elementor-widget-wrap elementor-element-populated\">\n\t\t\t\t\t\t<div class=\"elementor-element elementor-element-45cf023b elementor-widget__width-auto elementor-widget elementor-widget-heading\" data-id=\"45cf023b\" data-element_type=\"widget\" data-e-type=\"widget\" data-widget_type=\"heading.default\">\n\t\t\t\t<div class=\"elementor-widget-container\">\n\t\t\t\t\t<p class=\"elementor-heading-title elementor-size-default\"><a href=\"https:\/\/rcmakinamuhendislik.com.tr\/de\">Startseite<\/a><\/p>\t\t\t\t<\/div>\n\t\t\t\t<\/div>\n\t\t\t\t<div class=\"elementor-element elementor-element-69f26d56 elementor-widget__width-auto elementor-widget elementor-widget-heading\" data-id=\"69f26d56\" data-element_type=\"widget\" data-e-type=\"widget\" data-widget_type=\"heading.default\">\n\t\t\t\t<div class=\"elementor-widget-container\">\n\t\t\t\t\t<p class=\"elementor-heading-title elementor-size-default\">\/<\/p>\t\t\t\t<\/div>\n\t\t\t\t<\/div>\n\t\t\t\t<div class=\"elementor-element elementor-element-6244e62c elementor-widget__width-auto elementor-widget elementor-widget-heading\" data-id=\"6244e62c\" data-element_type=\"widget\" data-e-type=\"widget\" data-widget_type=\"heading.default\">\n\t\t\t\t<div class=\"elementor-widget-container\">\n\t\t\t\t\t<p class=\"elementor-heading-title elementor-size-default\">\u00dcber Uns<\/p>\t\t\t\t<\/div>\n\t\t\t\t<\/div>\n\t\t\t\t<div class=\"elementor-element elementor-element-15046835 elementor-widget elementor-widget-heading\" data-id=\"15046835\" data-element_type=\"widget\" data-e-type=\"widget\" data-widget_type=\"heading.default\">\n\t\t\t\t<div class=\"elementor-widget-container\">\n\t\t\t\t\t<h2 class=\"elementor-heading-title elementor-size-default\">\u00dcber Uns<\/h2>\t\t\t\t<\/div>\n\t\t\t\t<\/div>\n\t\t\t\t\t<\/div>\n\t\t<\/div>\n\t\t\t\t\t<\/div>\n\t\t<\/section>\n\t\t\t\t<section class=\"elementor-section elementor-top-section elementor-element elementor-element-5411421e elementor-section-boxed elementor-section-height-default elementor-section-height-default\" data-id=\"5411421e\" data-element_type=\"section\" data-e-type=\"section\">\n\t\t\t\t\t\t<div class=\"elementor-container elementor-column-gap-extended\">\n\t\t\t\t\t<div class=\"elementor-column elementor-col-100 elementor-top-column elementor-element elementor-element-26faced3\" data-id=\"26faced3\" data-element_type=\"column\" data-e-type=\"column\">\n\t\t\t<div class=\"elementor-widget-wrap elementor-element-populated\">\n\t\t\t\t\t\t<div class=\"elementor-element elementor-element-789e8f98 elementor-widget elementor-widget-image\" data-id=\"789e8f98\" data-element_type=\"widget\" data-e-type=\"widget\" data-widget_type=\"image.default\">\n\t\t\t\t<div class=\"elementor-widget-container\">\n\t\t\t\t\t\t\t\t\t\t\t\t\t\t\t<img wpfc-lazyload-disable=\"true\" fetchpriority=\"high\" decoding=\"async\" width=\"800\" height=\"256\" src=\"https:\/\/rcmakinamuhendislik.com.tr\/wp-content\/uploads\/2022\/11\/ofis2.jpg\" class=\"attachment-large size-large wp-image-330\" alt=\"\" \/>\t\t\t\t\t\t\t\t\t\t\t\t\t\t\t<\/div>\n\t\t\t\t<\/div>\n\t\t\t\t<section class=\"elementor-section elementor-inner-section elementor-element elementor-element-16514dbb elementor-section-boxed elementor-section-height-default elementor-section-height-default\" data-id=\"16514dbb\" data-element_type=\"section\" data-e-type=\"section\">\n\t\t\t\t\t\t<div class=\"elementor-container elementor-column-gap-default\">\n\t\t\t\t\t<div class=\"elementor-column elementor-col-33 elementor-inner-column elementor-element elementor-element-308a124\" data-id=\"308a124\" data-element_type=\"column\" data-e-type=\"column\">\n\t\t\t<div class=\"elementor-widget-wrap elementor-element-populated\">\n\t\t\t\t\t\t<div class=\"elementor-element elementor-element-588b41e0 elementor-widget__width-auto elementor-invisible elementor-widget elementor-widget-heading\" data-id=\"588b41e0\" data-element_type=\"widget\" data-e-type=\"widget\" data-settings=\"{&quot;_animation&quot;:&quot;zoomIn&quot;}\" data-widget_type=\"heading.default\">\n\t\t\t\t<div class=\"elementor-widget-container\">\n\t\t\t\t\t<p class=\"elementor-heading-title elementor-size-default\">\u00dcber Uns<\/p>\t\t\t\t<\/div>\n\t\t\t\t<\/div>\n\t\t\t\t<div class=\"elementor-element elementor-element-6b2f6729 elementor-widget elementor-widget-heading\" data-id=\"6b2f6729\" data-element_type=\"widget\" data-e-type=\"widget\" data-widget_type=\"heading.default\">\n\t\t\t\t<div class=\"elementor-widget-container\">\n\t\t\t\t\t<h4 class=\"elementor-heading-title elementor-size-default\">Stell dir vor,\nWir produzieren!<\/h4>\t\t\t\t<\/div>\n\t\t\t\t<\/div>\n\t\t\t\t\t<\/div>\n\t\t<\/div>\n\t\t\t\t<div class=\"elementor-column elementor-col-33 elementor-inner-column elementor-element elementor-element-3aa0759b\" data-id=\"3aa0759b\" data-element_type=\"column\" data-e-type=\"column\">\n\t\t\t<div class=\"elementor-widget-wrap elementor-element-populated\">\n\t\t\t\t\t\t<div class=\"elementor-element elementor-element-61e35085 elementor-widget elementor-widget-text-editor\" data-id=\"61e35085\" data-element_type=\"widget\" data-e-type=\"widget\" data-widget_type=\"text-editor.default\">\n\t\t\t\t<div class=\"elementor-widget-container\">\n\t\t\t\t\t\t\t\t\t<p class=\"translation-block\"><strong>RC MAKINA ENGINEERING<\/strong> wurde in Kocaeli, der Industriehauptstadt der T\u00fcrkei, gegr\u00fcndet und hat sich zum Ziel gesetzt, seinen Kunden den besten Service zu bieten.<\/p>\t\t\t\t\t\t\t\t<\/div>\n\t\t\t\t<\/div>\n\t\t\t\t\t<\/div>\n\t\t<\/div>\n\t\t\t\t<div class=\"elementor-column elementor-col-33 elementor-inner-column elementor-element elementor-element-63ef494c\" data-id=\"63ef494c\" data-element_type=\"column\" data-e-type=\"column\">\n\t\t\t<div class=\"elementor-widget-wrap elementor-element-populated\">\n\t\t\t\t\t\t<div class=\"elementor-element elementor-element-5eb560c2 elementor-icon-list--layout-traditional elementor-list-item-link-full_width elementor-widget elementor-widget-icon-list\" data-id=\"5eb560c2\" data-element_type=\"widget\" data-e-type=\"widget\" data-widget_type=\"icon-list.default\">\n\t\t\t\t<div class=\"elementor-widget-container\">\n\t\t\t\t\t\t\t<ul class=\"elementor-icon-list-items\">\n\t\t\t\t\t\t\t<li class=\"elementor-icon-list-item\">\n\t\t\t\t\t\t\t\t\t\t\t<span class=\"elementor-icon-list-icon\">\n\t\t\t\t\t\t\t<i aria-hidden=\"true\" class=\"fas fa-check-circle\"><\/i>\t\t\t\t\t\t<\/span>\n\t\t\t\t\t\t\t\t\t\t<span class=\"elementor-icon-list-text\">Maschinenbau<\/span>\n\t\t\t\t\t\t\t\t\t<\/li>\n\t\t\t\t\t\t\t\t<li class=\"elementor-icon-list-item\">\n\t\t\t\t\t\t\t\t\t\t\t<span class=\"elementor-icon-list-icon\">\n\t\t\t\t\t\t\t<i aria-hidden=\"true\" class=\"fas fa-check-circle\"><\/i>\t\t\t\t\t\t<\/span>\n\t\t\t\t\t\t\t\t\t\t<span class=\"elementor-icon-list-text\">Ersatzteilfertigung<\/span>\n\t\t\t\t\t\t\t\t\t<\/li>\n\t\t\t\t\t\t\t\t<li class=\"elementor-icon-list-item\">\n\t\t\t\t\t\t\t\t\t\t\t<span class=\"elementor-icon-list-icon\">\n\t\t\t\t\t\t\t<i aria-hidden=\"true\" class=\"fas fa-check-circle\"><\/i>\t\t\t\t\t\t<\/span>\n\t\t\t\t\t\t\t\t\t\t<span class=\"elementor-icon-list-text\">Geschwei\u00dfte Fertigung<\/span>\n\t\t\t\t\t\t\t\t\t<\/li>\n\t\t\t\t\t\t\t\t<li class=\"elementor-icon-list-item\">\n\t\t\t\t\t\t\t\t\t\t\t<span class=\"elementor-icon-list-icon\">\n\t\t\t\t\t\t\t<i aria-hidden=\"true\" class=\"fas fa-check-circle\"><\/i>\t\t\t\t\t\t<\/span>\n\t\t\t\t\t\t\t\t\t\t<span class=\"elementor-icon-list-text\">Verbindungsteam und Elemente<\/span>\n\t\t\t\t\t\t\t\t\t<\/li>\n\t\t\t\t\t\t<\/ul>\n\t\t\t\t\t\t<\/div>\n\t\t\t\t<\/div>\n\t\t\t\t\t<\/div>\n\t\t<\/div>\n\t\t\t\t\t<\/div>\n\t\t<\/section>\n\t\t\t\t\t<\/div>\n\t\t<\/div>\n\t\t\t\t\t<\/div>\n\t\t<\/section>\n\t\t\t\t<section class=\"elementor-section elementor-top-section elementor-element elementor-element-761f88ed elementor-section-boxed elementor-section-height-default elementor-section-height-default\" data-id=\"761f88ed\" data-element_type=\"section\" data-e-type=\"section\" data-settings=\"{&quot;background_background&quot;:&quot;classic&quot;}\">\n\t\t\t\t\t\t<div class=\"elementor-container elementor-column-gap-default\">\n\t\t\t\t\t<div class=\"elementor-column elementor-col-100 elementor-top-column elementor-element elementor-element-a148379\" data-id=\"a148379\" data-element_type=\"column\" data-e-type=\"column\">\n\t\t\t<div class=\"elementor-widget-wrap elementor-element-populated\">\n\t\t\t\t\t\t<div class=\"elementor-element elementor-element-afa64f0 elementor-widget elementor-widget-text-editor\" data-id=\"afa64f0\" data-element_type=\"widget\" data-e-type=\"widget\" data-widget_type=\"text-editor.default\">\n\t\t\t\t<div class=\"elementor-widget-container\">\n\t\t\t\t\t\t\t\t\t<p class=\"translation-block\">Als <strong>RC Makina M\u00fchendislik<\/strong> bieten wir Dienstleistungen in den Bereichen <strong>CNC-Bearbeitungszentrum, CNC-Drehmaschine, manuelle Drehmaschine, Fr\u00e4sen, Formen, maschinelle Bearbeitung, computergest\u00fctztes 3D-Design<\/strong> mit solidworks und emret an.<\/p>\n<p>Um unseren Kunden den besten Service zu bieten, produzieren wir auf diese Weise innovative und dauerhafte L\u00f6sungen. Wir sehen unsere Mitarbeiter nicht als Kunden, sondern als unsere L\u00f6sungspartner. Ihr Gewinn wird immer unser Gewinn sein.<\/p>\t\t\t\t\t\t\t\t<\/div>\n\t\t\t\t<\/div>\n\t\t\t\t\t<\/div>\n\t\t<\/div>\n\t\t\t\t\t<\/div>\n\t\t<\/section>\n\t\t\t\t<\/div>","protected":false},"excerpt":{"rendered":"<p>Anasayfa \/ Hakk\u0131m\u0131zda Hakk\u0131m\u0131zda Hakk\u0131m\u0131zda Siz Hayal Edin, Biz \u00dcretelim! T\u00fcrkiye\u2019nin sanayi ba\u015fkenti Kocaeli\u2019de kurulan\u00a0RC MAK\u0130NA M\u00dcHEND\u0130SL\u0130K, m\u00fc\u015fterilerine en iyi hizmeti verebilmek i\u00e7in yola \u00e7\u0131kt\u0131. Makina \u0130malat\u0131 Yedek Par\u00e7a \u0130malat\u0131 Kaynakl\u0131 \u0130malat Ba\u011flant\u0131 Ekip ve Elemanlar\u0131 RC Makina M\u00fchendislik&nbsp;olarak bizler&nbsp;CNC i\u015fleme merkezi, CNC torna, manuel torna, freze, kal\u0131p, tala\u015fl\u0131 imalat, solidworks ve esprit ile bilgisayar [&hellip;]<\/p>\n","protected":false},"author":1,"featured_media":0,"parent":0,"menu_order":0,"comment_status":"closed","ping_status":"closed","template":"elementor_header_footer","meta":{"_joinchat":[],"footnotes":""},"class_list":["post-326","page","type-page","status-publish","hentry"],"yoast_head":"<!-- This site is optimized with the Yoast SEO Premium plugin v18.3 (Yoast SEO v27.1.1) - https:\/\/yoast.com\/product\/yoast-seo-premium-wordpress\/ -->\n<title>Hakk\u0131m\u0131zda - CNC \u0130\u015fleme Merkezi<\/title>\n<meta name=\"robots\" content=\"index, follow, max-snippet:-1, max-image-preview:large, max-video-preview:-1\" \/>\n<link rel=\"canonical\" href=\"https:\/\/rcmakinamuhendislik.com.tr\/de\/hakkimizda\/\" \/>\n<meta property=\"og:locale\" content=\"de_DE\" \/>\n<meta property=\"og:type\" content=\"article\" \/>\n<meta property=\"og:title\" content=\"Hakk\u0131m\u0131zda\" \/>\n<meta property=\"og:description\" content=\"Anasayfa \/ Hakk\u0131m\u0131zda Hakk\u0131m\u0131zda Hakk\u0131m\u0131zda Siz Hayal Edin, Biz \u00dcretelim! T\u00fcrkiye\u2019nin sanayi ba\u015fkenti Kocaeli\u2019de kurulan\u00a0RC MAK\u0130NA M\u00dcHEND\u0130SL\u0130K, m\u00fc\u015fterilerine en iyi hizmeti verebilmek i\u00e7in yola \u00e7\u0131kt\u0131. Makina \u0130malat\u0131 Yedek Par\u00e7a \u0130malat\u0131 Kaynakl\u0131 \u0130malat Ba\u011flant\u0131 Ekip ve Elemanlar\u0131 RC Makina M\u00fchendislik&nbsp;olarak bizler&nbsp;CNC i\u015fleme merkezi, CNC torna, manuel torna, freze, kal\u0131p, tala\u015fl\u0131 imalat, solidworks ve esprit ile bilgisayar [&hellip;]\" \/>\n<meta property=\"og:url\" content=\"https:\/\/rcmakinamuhendislik.com.tr\/de\/hakkimizda\/\" \/>\n<meta property=\"og:site_name\" content=\"CNC \u0130\u015fleme Merkezi\" \/>\n<meta property=\"article:publisher\" content=\"https:\/\/www.facebook.com\/rcmakinamuhendislik\/\" \/>\n<meta property=\"article:modified_time\" content=\"2022-11-24T09:53:41+00:00\" \/>\n<meta property=\"og:image\" content=\"https:\/\/rcmakinamuhendislik.com.tr\/wp-content\/uploads\/2022\/11\/ofis2.jpg\" \/>\n<meta name=\"twitter:card\" content=\"summary_large_image\" \/>\n<meta name=\"twitter:label1\" content=\"Gesch\u00e4tzte Lesezeit\" \/>\n\t<meta name=\"twitter:data1\" content=\"1\u00a0Minute\" \/>\n<script type=\"application\/ld+json\" class=\"yoast-schema-graph\">{\"@context\":\"https:\/\/schema.org\",\"@graph\":[{\"@type\":\"WebPage\",\"@id\":\"https:\/\/rcmakinamuhendislik.com.tr\/hakkimizda\/\",\"url\":\"https:\/\/rcmakinamuhendislik.com.tr\/hakkimizda\/\",\"name\":\"Hakk\u0131m\u0131zda - CNC \u0130\u015fleme Merkezi\",\"isPartOf\":{\"@id\":\"https:\/\/rcmakinamuhendislik.com.tr\/#website\"},\"primaryImageOfPage\":{\"@id\":\"https:\/\/rcmakinamuhendislik.com.tr\/hakkimizda\/#primaryimage\"},\"image\":{\"@id\":\"https:\/\/rcmakinamuhendislik.com.tr\/hakkimizda\/#primaryimage\"},\"thumbnailUrl\":\"https:\/\/rcmakinamuhendislik.com.tr\/wp-content\/uploads\/2022\/11\/ofis2.jpg\",\"datePublished\":\"2022-11-13T08:05:36+00:00\",\"dateModified\":\"2022-11-24T09:53:41+00:00\",\"breadcrumb\":{\"@id\":\"https:\/\/rcmakinamuhendislik.com.tr\/hakkimizda\/#breadcrumb\"},\"inLanguage\":\"de\",\"potentialAction\":[{\"@type\":\"ReadAction\",\"target\":[\"https:\/\/rcmakinamuhendislik.com.tr\/hakkimizda\/\"]}]},{\"@type\":\"ImageObject\",\"inLanguage\":\"de\",\"@id\":\"https:\/\/rcmakinamuhendislik.com.tr\/hakkimizda\/#primaryimage\",\"url\":\"https:\/\/rcmakinamuhendislik.com.tr\/wp-content\/uploads\/2022\/11\/ofis2.jpg\",\"contentUrl\":\"https:\/\/rcmakinamuhendislik.com.tr\/wp-content\/uploads\/2022\/11\/ofis2.jpg\"},{\"@type\":\"BreadcrumbList\",\"@id\":\"https:\/\/rcmakinamuhendislik.com.tr\/hakkimizda\/#breadcrumb\",\"itemListElement\":[{\"@type\":\"ListItem\",\"position\":1,\"name\":\"Anasayfa\",\"item\":\"https:\/\/rcmakinamuhendislik.com.tr\/\"},{\"@type\":\"ListItem\",\"position\":2,\"name\":\"Hakk\u0131m\u0131zda\"}]},{\"@type\":\"WebSite\",\"@id\":\"https:\/\/rcmakinamuhendislik.com.tr\/#website\",\"url\":\"https:\/\/rcmakinamuhendislik.com.tr\/\",\"name\":\"CNC \u0130\u015fleme Merkezi\",\"description\":\"RC MAK\u0130NA M\u00dcHEND\u0130SL\u0130K\",\"publisher\":{\"@id\":\"https:\/\/rcmakinamuhendislik.com.tr\/#organization\"},\"potentialAction\":[{\"@type\":\"SearchAction\",\"target\":{\"@type\":\"EntryPoint\",\"urlTemplate\":\"https:\/\/rcmakinamuhendislik.com.tr\/?s={search_term_string}\"},\"query-input\":{\"@type\":\"PropertyValueSpecification\",\"valueRequired\":true,\"valueName\":\"search_term_string\"}}],\"inLanguage\":\"de\"},{\"@type\":\"Organization\",\"@id\":\"https:\/\/rcmakinamuhendislik.com.tr\/#organization\",\"name\":\"RC Makina CNC \u0130\u015fleme Merkezi\",\"url\":\"https:\/\/rcmakinamuhendislik.com.tr\/\",\"logo\":{\"@type\":\"ImageObject\",\"inLanguage\":\"de\",\"@id\":\"https:\/\/rcmakinamuhendislik.com.tr\/#\/schema\/logo\/image\/\",\"url\":\"https:\/\/rcmakinamuhendislik.com.tr\/wp-content\/uploads\/2022\/11\/RC-makina-ana-logo.png\",\"contentUrl\":\"https:\/\/rcmakinamuhendislik.com.tr\/wp-content\/uploads\/2022\/11\/RC-makina-ana-logo.png\",\"width\":175,\"height\":54,\"caption\":\"RC Makina CNC \u0130\u015fleme Merkezi\"},\"image\":{\"@id\":\"https:\/\/rcmakinamuhendislik.com.tr\/#\/schema\/logo\/image\/\"},\"sameAs\":[\"https:\/\/www.facebook.com\/rcmakinamuhendislik\/\"]}]}<\/script>\n<!-- \/ Yoast SEO Premium plugin. -->","yoast_head_json":{"title":"Hakk\u0131m\u0131zda - CNC \u0130\u015fleme Merkezi","robots":{"index":"index","follow":"follow","max-snippet":"max-snippet:-1","max-image-preview":"max-image-preview:large","max-video-preview":"max-video-preview:-1"},"canonical":"https:\/\/rcmakinamuhendislik.com.tr\/de\/hakkimizda\/","og_locale":"de_DE","og_type":"article","og_title":"Hakk\u0131m\u0131zda","og_description":"Anasayfa \/ Hakk\u0131m\u0131zda Hakk\u0131m\u0131zda Hakk\u0131m\u0131zda Siz Hayal Edin, Biz \u00dcretelim! T\u00fcrkiye\u2019nin sanayi ba\u015fkenti Kocaeli\u2019de kurulan\u00a0RC MAK\u0130NA M\u00dcHEND\u0130SL\u0130K, m\u00fc\u015fterilerine en iyi hizmeti verebilmek i\u00e7in yola \u00e7\u0131kt\u0131. Makina \u0130malat\u0131 Yedek Par\u00e7a \u0130malat\u0131 Kaynakl\u0131 \u0130malat Ba\u011flant\u0131 Ekip ve Elemanlar\u0131 RC Makina M\u00fchendislik&nbsp;olarak bizler&nbsp;CNC i\u015fleme merkezi, CNC torna, manuel torna, freze, kal\u0131p, tala\u015fl\u0131 imalat, solidworks ve esprit ile bilgisayar [&hellip;]","og_url":"https:\/\/rcmakinamuhendislik.com.tr\/de\/hakkimizda\/","og_site_name":"CNC \u0130\u015fleme Merkezi","article_publisher":"https:\/\/www.facebook.com\/rcmakinamuhendislik\/","article_modified_time":"2022-11-24T09:53:41+00:00","og_image":[{"url":"https:\/\/rcmakinamuhendislik.com.tr\/wp-content\/uploads\/2022\/11\/ofis2.jpg","type":"","width":"","height":""}],"twitter_card":"summary_large_image","twitter_misc":{"Gesch\u00e4tzte Lesezeit":"1\u00a0Minute"},"schema":{"@context":"https:\/\/schema.org","@graph":[{"@type":"WebPage","@id":"https:\/\/rcmakinamuhendislik.com.tr\/hakkimizda\/","url":"https:\/\/rcmakinamuhendislik.com.tr\/hakkimizda\/","name":"Hakk\u0131m\u0131zda - CNC \u0130\u015fleme Merkezi","isPartOf":{"@id":"https:\/\/rcmakinamuhendislik.com.tr\/#website"},"primaryImageOfPage":{"@id":"https:\/\/rcmakinamuhendislik.com.tr\/hakkimizda\/#primaryimage"},"image":{"@id":"https:\/\/rcmakinamuhendislik.com.tr\/hakkimizda\/#primaryimage"},"thumbnailUrl":"https:\/\/rcmakinamuhendislik.com.tr\/wp-content\/uploads\/2022\/11\/ofis2.jpg","datePublished":"2022-11-13T08:05:36+00:00","dateModified":"2022-11-24T09:53:41+00:00","breadcrumb":{"@id":"https:\/\/rcmakinamuhendislik.com.tr\/hakkimizda\/#breadcrumb"},"inLanguage":"de","potentialAction":[{"@type":"ReadAction","target":["https:\/\/rcmakinamuhendislik.com.tr\/hakkimizda\/"]}]},{"@type":"ImageObject","inLanguage":"de","@id":"https:\/\/rcmakinamuhendislik.com.tr\/hakkimizda\/#primaryimage","url":"https:\/\/rcmakinamuhendislik.com.tr\/wp-content\/uploads\/2022\/11\/ofis2.jpg","contentUrl":"https:\/\/rcmakinamuhendislik.com.tr\/wp-content\/uploads\/2022\/11\/ofis2.jpg"},{"@type":"BreadcrumbList","@id":"https:\/\/rcmakinamuhendislik.com.tr\/hakkimizda\/#breadcrumb","itemListElement":[{"@type":"ListItem","position":1,"name":"Anasayfa","item":"https:\/\/rcmakinamuhendislik.com.tr\/"},{"@type":"ListItem","position":2,"name":"Hakk\u0131m\u0131zda"}]},{"@type":"WebSite","@id":"https:\/\/rcmakinamuhendislik.com.tr\/#website","url":"https:\/\/rcmakinamuhendislik.com.tr\/","name":"CNC-Bearbeitungszentrum","description":"RC MAK\u0130NA M\u00dcHEND\u0130SL\u0130K","publisher":{"@id":"https:\/\/rcmakinamuhendislik.com.tr\/#organization"},"potentialAction":[{"@type":"SearchAction","target":{"@type":"EntryPoint","urlTemplate":"https:\/\/rcmakinamuhendislik.com.tr\/?s={search_term_string}"},"query-input":{"@type":"PropertyValueSpecification","valueRequired":true,"valueName":"search_term_string"}}],"inLanguage":"de"},{"@type":"Organization","@id":"https:\/\/rcmakinamuhendislik.com.tr\/#organization","name":"RC Makina CNC \u0130\u015fleme Merkezi","url":"https:\/\/rcmakinamuhendislik.com.tr\/","logo":{"@type":"ImageObject","inLanguage":"de","@id":"https:\/\/rcmakinamuhendislik.com.tr\/#\/schema\/logo\/image\/","url":"https:\/\/rcmakinamuhendislik.com.tr\/wp-content\/uploads\/2022\/11\/RC-makina-ana-logo.png","contentUrl":"https:\/\/rcmakinamuhendislik.com.tr\/wp-content\/uploads\/2022\/11\/RC-makina-ana-logo.png","width":175,"height":54,"caption":"RC Makina CNC \u0130\u015fleme Merkezi"},"image":{"@id":"https:\/\/rcmakinamuhendislik.com.tr\/#\/schema\/logo\/image\/"},"sameAs":["https:\/\/www.facebook.com\/rcmakinamuhendislik\/"]}]}},"_links":{"self":[{"href":"https:\/\/rcmakinamuhendislik.com.tr\/de\/wp-json\/wp\/v2\/pages\/326","targetHints":{"allow":["GET"]}}],"collection":[{"href":"https:\/\/rcmakinamuhendislik.com.tr\/de\/wp-json\/wp\/v2\/pages"}],"about":[{"href":"https:\/\/rcmakinamuhendislik.com.tr\/de\/wp-json\/wp\/v2\/types\/page"}],"author":[{"embeddable":true,"href":"https:\/\/rcmakinamuhendislik.com.tr\/de\/wp-json\/wp\/v2\/users\/1"}],"replies":[{"embeddable":true,"href":"https:\/\/rcmakinamuhendislik.com.tr\/de\/wp-json\/wp\/v2\/comments?post=326"}],"version-history":[{"count":22,"href":"https:\/\/rcmakinamuhendislik.com.tr\/de\/wp-json\/wp\/v2\/pages\/326\/revisions"}],"predecessor-version":[{"id":730,"href":"https:\/\/rcmakinamuhendislik.com.tr\/de\/wp-json\/wp\/v2\/pages\/326\/revisions\/730"}],"wp:attachment":[{"href":"https:\/\/rcmakinamuhendislik.com.tr\/de\/wp-json\/wp\/v2\/media?parent=326"}],"curies":[{"name":"wp","href":"https:\/\/api.w.org\/{rel}","templated":true}]}}