{"id":276,"date":"2022-11-13T09:12:49","date_gmt":"2022-11-13T06:12:49","guid":{"rendered":"https:\/\/rcmakinamuhendislik.com.tr\/?page_id=276"},"modified":"2022-11-23T00:24:39","modified_gmt":"2022-11-22T21:24:39","slug":"hizmetlerimiz","status":"publish","type":"page","link":"https:\/\/rcmakinamuhendislik.com.tr\/de\/hizmetlerimiz\/","title":{"rendered":"Dienstleistungen"},"content":{"rendered":"<div data-elementor-type=\"wp-page\" data-elementor-id=\"276\" class=\"elementor elementor-276\" data-elementor-post-type=\"page\">\n\t\t\t\t\t\t<section class=\"elementor-section elementor-top-section elementor-element elementor-element-64ea363d elementor-section-boxed elementor-section-height-default elementor-section-height-default\" data-id=\"64ea363d\" data-element_type=\"section\" data-e-type=\"section\" data-settings=\"{&quot;background_background&quot;:&quot;classic&quot;}\">\n\t\t\t\t\t\t\t<div class=\"elementor-background-overlay\"><\/div>\n\t\t\t\t\t\t\t<div class=\"elementor-container elementor-column-gap-default\">\n\t\t\t\t\t<div class=\"elementor-column elementor-col-100 elementor-top-column elementor-element elementor-element-694365f8\" data-id=\"694365f8\" data-element_type=\"column\" data-e-type=\"column\">\n\t\t\t<div class=\"elementor-widget-wrap elementor-element-populated\">\n\t\t\t\t\t\t<div class=\"elementor-element elementor-element-682fdc72 elementor-widget__width-auto elementor-widget elementor-widget-heading\" data-id=\"682fdc72\" data-element_type=\"widget\" data-e-type=\"widget\" data-widget_type=\"heading.default\">\n\t\t\t\t<div class=\"elementor-widget-container\">\n\t\t\t\t\t<p class=\"elementor-heading-title elementor-size-default\"><a href=\"https:\/\/rcmakinamuhendislik.com.tr\/de\">Startseite<\/a><\/p>\t\t\t\t<\/div>\n\t\t\t\t<\/div>\n\t\t\t\t<div class=\"elementor-element elementor-element-6adf750c elementor-widget__width-auto elementor-widget elementor-widget-heading\" data-id=\"6adf750c\" data-element_type=\"widget\" data-e-type=\"widget\" data-widget_type=\"heading.default\">\n\t\t\t\t<div class=\"elementor-widget-container\">\n\t\t\t\t\t<p class=\"elementor-heading-title elementor-size-default\">\/<\/p>\t\t\t\t<\/div>\n\t\t\t\t<\/div>\n\t\t\t\t<div class=\"elementor-element elementor-element-3c8cc1ed elementor-widget__width-auto elementor-widget elementor-widget-heading\" data-id=\"3c8cc1ed\" data-element_type=\"widget\" data-e-type=\"widget\" data-widget_type=\"heading.default\">\n\t\t\t\t<div class=\"elementor-widget-container\">\n\t\t\t\t\t<p class=\"elementor-heading-title elementor-size-default\">Dienstleistungen<\/p>\t\t\t\t<\/div>\n\t\t\t\t<\/div>\n\t\t\t\t<div class=\"elementor-element elementor-element-26ee71f5 elementor-widget elementor-widget-heading\" data-id=\"26ee71f5\" data-element_type=\"widget\" data-e-type=\"widget\" data-widget_type=\"heading.default\">\n\t\t\t\t<div class=\"elementor-widget-container\">\n\t\t\t\t\t<h2 class=\"elementor-heading-title elementor-size-default\">Dienstleistungen<\/h2>\t\t\t\t<\/div>\n\t\t\t\t<\/div>\n\t\t\t\t\t<\/div>\n\t\t<\/div>\n\t\t\t\t\t<\/div>\n\t\t<\/section>\n\t\t\t\t<section class=\"elementor-section elementor-top-section elementor-element elementor-element-45f5436 elementor-section-boxed elementor-section-height-default elementor-section-height-default\" data-id=\"45f5436\" data-element_type=\"section\" data-e-type=\"section\">\n\t\t\t\t\t\t<div class=\"elementor-container elementor-column-gap-default\">\n\t\t\t\t\t<div class=\"elementor-column elementor-col-100 elementor-top-column elementor-element elementor-element-14303f4\" data-id=\"14303f4\" data-element_type=\"column\" data-e-type=\"column\">\n\t\t\t<div class=\"elementor-widget-wrap elementor-element-populated\">\n\t\t\t\t\t\t<div class=\"elementor-element elementor-element-8c17a22 elementor-tabs-view-horizontal elementor-widget elementor-widget-tabs\" data-id=\"8c17a22\" data-element_type=\"widget\" data-e-type=\"widget\" data-widget_type=\"tabs.default\">\n\t\t\t\t<div class=\"elementor-widget-container\">\n\t\t\t\t\t\t\t<div class=\"elementor-tabs\">\n\t\t\t<div class=\"elementor-tabs-wrapper\" role=\"tablist\" >\n\t\t\t\t\t\t\t\t\t<div id=\"elementor-tab-title-1461\" class=\"elementor-tab-title elementor-tab-desktop-title\" aria-selected=\"true\" data-tab=\"1\" role=\"tab\" tabindex=\"0\" aria-controls=\"elementor-tab-content-1461\" aria-expanded=\"false\">ERSATZTEILFERTIGUNG<\/div>\n\t\t\t\t\t\t\t\t\t<div id=\"elementor-tab-title-1462\" class=\"elementor-tab-title elementor-tab-desktop-title\" aria-selected=\"false\" data-tab=\"2\" role=\"tab\" tabindex=\"-1\" aria-controls=\"elementor-tab-content-1462\" aria-expanded=\"false\">SPEZIALAUSR\u00dcSTUNG<\/div>\n\t\t\t\t\t\t\t\t\t<div id=\"elementor-tab-title-1463\" class=\"elementor-tab-title elementor-tab-desktop-title\" aria-selected=\"false\" data-tab=\"3\" role=\"tab\" tabindex=\"-1\" aria-controls=\"elementor-tab-content-1463\" aria-expanded=\"false\">GESCHWEISSTE FERTIGUNG<\/div>\n\t\t\t\t\t\t\t\t\t<div id=\"elementor-tab-title-1464\" class=\"elementor-tab-title elementor-tab-desktop-title\" aria-selected=\"false\" data-tab=\"4\" role=\"tab\" tabindex=\"-1\" aria-controls=\"elementor-tab-content-1464\" aria-expanded=\"false\">MAK\u0130NA PARKURUNDAN \u00c7IKANLAR<\/div>\n\t\t\t\t\t\t\t<\/div>\n\t\t\t<div class=\"elementor-tabs-content-wrapper\" role=\"tablist\" aria-orientation=\"vertical\">\n\t\t\t\t\t\t\t\t\t<div class=\"elementor-tab-title elementor-tab-mobile-title\" aria-selected=\"true\" data-tab=\"1\" role=\"tab\" tabindex=\"0\" aria-controls=\"elementor-tab-content-1461\" aria-expanded=\"false\">ERSATZTEILFERTIGUNG<\/div>\n\t\t\t\t\t<div id=\"elementor-tab-content-1461\" class=\"elementor-tab-content elementor-clearfix\" data-tab=\"1\" role=\"tabpanel\" aria-labelledby=\"elementor-tab-title-1461\" tabindex=\"0\" hidden=\"false\"><p><img wpfc-lazyload-disable=\"true\" fetchpriority=\"high\" decoding=\"async\" class=\"wp-image-575 alignleft\" src=\"https:\/\/rcmakinamuhendislik.com.tr\/wp-content\/uploads\/2022\/11\/yedek-parca-imalati.jpg\" alt=\"\" width=\"508\" height=\"300\" srcset=\"https:\/\/rcmakinamuhendislik.com.tr\/wp-content\/uploads\/2022\/11\/yedek-parca-imalati.jpg 1129w, https:\/\/rcmakinamuhendislik.com.tr\/wp-content\/uploads\/2022\/11\/yedek-parca-imalati-300x177.jpg 300w, https:\/\/rcmakinamuhendislik.com.tr\/wp-content\/uploads\/2022\/11\/yedek-parca-imalati-1024x605.jpg 1024w, https:\/\/rcmakinamuhendislik.com.tr\/wp-content\/uploads\/2022\/11\/yedek-parca-imalati-768x454.jpg 768w\" sizes=\"(max-width: 508px) 100vw, 508px\" \/><\/p><p><img wpfc-lazyload-disable=\"true\" decoding=\"async\" class=\"wp-image-576 alignleft\" src=\"https:\/\/rcmakinamuhendislik.com.tr\/wp-content\/uploads\/2022\/11\/yedek-parcalar.jpg\" alt=\"\" width=\"771\" height=\"300\" srcset=\"https:\/\/rcmakinamuhendislik.com.tr\/wp-content\/uploads\/2022\/11\/yedek-parcalar.jpg 1012w, https:\/\/rcmakinamuhendislik.com.tr\/wp-content\/uploads\/2022\/11\/yedek-parcalar-300x117.jpg 300w, https:\/\/rcmakinamuhendislik.com.tr\/wp-content\/uploads\/2022\/11\/yedek-parcalar-768x299.jpg 768w\" sizes=\"(max-width: 771px) 100vw, 771px\" \/><\/p><\/div>\n\t\t\t\t\t\t\t\t\t<div class=\"elementor-tab-title elementor-tab-mobile-title\" aria-selected=\"false\" data-tab=\"2\" role=\"tab\" tabindex=\"-1\" aria-controls=\"elementor-tab-content-1462\" aria-expanded=\"false\">SPEZIALAUSR\u00dcSTUNG<\/div>\n\t\t\t\t\t<div id=\"elementor-tab-content-1462\" class=\"elementor-tab-content elementor-clearfix\" data-tab=\"2\" role=\"tabpanel\" aria-labelledby=\"elementor-tab-title-1462\" tabindex=\"0\" hidden=\"hidden\"><p><img wpfc-lazyload-disable=\"true\" decoding=\"async\" class=\"alignnone wp-image-577\" src=\"https:\/\/rcmakinamuhendislik.com.tr\/wp-content\/uploads\/2022\/11\/ozel-ekipman-2.jpg\" alt=\"\" width=\"281\" height=\"300\" srcset=\"https:\/\/rcmakinamuhendislik.com.tr\/wp-content\/uploads\/2022\/11\/ozel-ekipman-2.jpg 505w, https:\/\/rcmakinamuhendislik.com.tr\/wp-content\/uploads\/2022\/11\/ozel-ekipman-2-281x300.jpg 281w\" sizes=\"(max-width: 281px) 100vw, 281px\" \/> <img wpfc-lazyload-disable=\"true\" loading=\"lazy\" decoding=\"async\" class=\"alignnone wp-image-578\" src=\"https:\/\/rcmakinamuhendislik.com.tr\/wp-content\/uploads\/2022\/11\/ozel-ekipman-1.jpg\" alt=\"\" width=\"384\" height=\"300\" srcset=\"https:\/\/rcmakinamuhendislik.com.tr\/wp-content\/uploads\/2022\/11\/ozel-ekipman-1.jpg 800w, https:\/\/rcmakinamuhendislik.com.tr\/wp-content\/uploads\/2022\/11\/ozel-ekipman-1-300x234.jpg 300w, https:\/\/rcmakinamuhendislik.com.tr\/wp-content\/uploads\/2022\/11\/ozel-ekipman-1-768x600.jpg 768w\" sizes=\"(max-width: 384px) 100vw, 384px\" \/><\/p><\/div>\n\t\t\t\t\t\t\t\t\t<div class=\"elementor-tab-title elementor-tab-mobile-title\" aria-selected=\"false\" data-tab=\"3\" role=\"tab\" tabindex=\"-1\" aria-controls=\"elementor-tab-content-1463\" aria-expanded=\"false\">GESCHWEISSTE FERTIGUNG<\/div>\n\t\t\t\t\t<div id=\"elementor-tab-content-1463\" class=\"elementor-tab-content elementor-clearfix\" data-tab=\"3\" role=\"tabpanel\" aria-labelledby=\"elementor-tab-title-1463\" tabindex=\"0\" hidden=\"hidden\"><p><img wpfc-lazyload-disable=\"true\" loading=\"lazy\" decoding=\"async\" class=\"alignnone wp-image-581\" src=\"https:\/\/rcmakinamuhendislik.com.tr\/wp-content\/uploads\/2022\/11\/kaynakli-imalat-1.jpg\" alt=\"\" width=\"450\" height=\"300\" srcset=\"https:\/\/rcmakinamuhendislik.com.tr\/wp-content\/uploads\/2022\/11\/kaynakli-imalat-1.jpg 843w, https:\/\/rcmakinamuhendislik.com.tr\/wp-content\/uploads\/2022\/11\/kaynakli-imalat-1-300x200.jpg 300w, https:\/\/rcmakinamuhendislik.com.tr\/wp-content\/uploads\/2022\/11\/kaynakli-imalat-1-768x512.jpg 768w\" sizes=\"(max-width: 450px) 100vw, 450px\" \/> <img loading=\"lazy\" decoding=\"async\" class=\"alignnone wp-image-580\" src=\"https:\/\/rcmakinamuhendislik.com.tr\/wp-content\/uploads\/2022\/11\/kaynakli-imalat-2.jpg\" alt=\"\" width=\"300\" height=\"300\" srcset=\"https:\/\/rcmakinamuhendislik.com.tr\/wp-content\/uploads\/2022\/11\/kaynakli-imalat-2.jpg 848w, https:\/\/rcmakinamuhendislik.com.tr\/wp-content\/uploads\/2022\/11\/kaynakli-imalat-2-300x300.jpg 300w, https:\/\/rcmakinamuhendislik.com.tr\/wp-content\/uploads\/2022\/11\/kaynakli-imalat-2-150x150.jpg 150w, https:\/\/rcmakinamuhendislik.com.tr\/wp-content\/uploads\/2022\/11\/kaynakli-imalat-2-768x768.jpg 768w\" sizes=\"(max-width: 300px) 100vw, 300px\" \/><img loading=\"lazy\" decoding=\"async\" class=\"alignnone wp-image-579\" src=\"https:\/\/rcmakinamuhendislik.com.tr\/wp-content\/uploads\/2022\/11\/kaynakli-imalat-3.jpg\" alt=\"\" width=\"300\" height=\"300\" srcset=\"https:\/\/rcmakinamuhendislik.com.tr\/wp-content\/uploads\/2022\/11\/kaynakli-imalat-3.jpg 642w, https:\/\/rcmakinamuhendislik.com.tr\/wp-content\/uploads\/2022\/11\/kaynakli-imalat-3-300x300.jpg 300w, https:\/\/rcmakinamuhendislik.com.tr\/wp-content\/uploads\/2022\/11\/kaynakli-imalat-3-150x150.jpg 150w\" sizes=\"(max-width: 300px) 100vw, 300px\" \/>\u00a0<\/p><\/div>\n\t\t\t\t\t\t\t\t\t<div class=\"elementor-tab-title elementor-tab-mobile-title\" aria-selected=\"false\" data-tab=\"4\" role=\"tab\" tabindex=\"-1\" aria-controls=\"elementor-tab-content-1464\" aria-expanded=\"false\">MAK\u0130NA PARKURUNDAN \u00c7IKANLAR<\/div>\n\t\t\t\t\t<div id=\"elementor-tab-content-1464\" class=\"elementor-tab-content elementor-clearfix\" data-tab=\"4\" role=\"tabpanel\" aria-labelledby=\"elementor-tab-title-1464\" tabindex=\"0\" hidden=\"hidden\"><p><img wpfc-lazyload-disable=\"true\" loading=\"lazy\" decoding=\"async\" class=\"alignnone size-full wp-image-590\" src=\"https:\/\/rcmakinamuhendislik.com.tr\/wp-content\/uploads\/2022\/11\/1.jpg\" alt=\"\" width=\"359\" height=\"490\" srcset=\"https:\/\/rcmakinamuhendislik.com.tr\/wp-content\/uploads\/2022\/11\/1.jpg 359w, https:\/\/rcmakinamuhendislik.com.tr\/wp-content\/uploads\/2022\/11\/1-220x300.jpg 220w\" sizes=\"(max-width: 359px) 100vw, 359px\" \/> <img wpfc-lazyload-disable=\"true\" loading=\"lazy\" decoding=\"async\" class=\"alignnone size-full wp-image-589\" src=\"https:\/\/rcmakinamuhendislik.com.tr\/wp-content\/uploads\/2022\/11\/2.jpg\" alt=\"\" width=\"359\" height=\"491\" srcset=\"https:\/\/rcmakinamuhendislik.com.tr\/wp-content\/uploads\/2022\/11\/2.jpg 359w, https:\/\/rcmakinamuhendislik.com.tr\/wp-content\/uploads\/2022\/11\/2-219x300.jpg 219w\" sizes=\"(max-width: 359px) 100vw, 359px\" \/> <img wpfc-lazyload-disable=\"true\" loading=\"lazy\" decoding=\"async\" class=\"alignnone size-full wp-image-588\" src=\"https:\/\/rcmakinamuhendislik.com.tr\/wp-content\/uploads\/2022\/11\/3.jpg\" alt=\"\" width=\"360\" height=\"491\" srcset=\"https:\/\/rcmakinamuhendislik.com.tr\/wp-content\/uploads\/2022\/11\/3.jpg 360w, https:\/\/rcmakinamuhendislik.com.tr\/wp-content\/uploads\/2022\/11\/3-220x300.jpg 220w\" sizes=\"(max-width: 360px) 100vw, 360px\" \/> <img wpfc-lazyload-disable=\"true\" loading=\"lazy\" decoding=\"async\" class=\"alignnone size-full wp-image-587\" src=\"https:\/\/rcmakinamuhendislik.com.tr\/wp-content\/uploads\/2022\/11\/4.jpg\" alt=\"\" width=\"359\" height=\"491\" srcset=\"https:\/\/rcmakinamuhendislik.com.tr\/wp-content\/uploads\/2022\/11\/4.jpg 359w, https:\/\/rcmakinamuhendislik.com.tr\/wp-content\/uploads\/2022\/11\/4-219x300.jpg 219w\" sizes=\"(max-width: 359px) 100vw, 359px\" \/> <img wpfc-lazyload-disable=\"true\" loading=\"lazy\" decoding=\"async\" class=\"alignnone size-full wp-image-586\" src=\"https:\/\/rcmakinamuhendislik.com.tr\/wp-content\/uploads\/2022\/11\/5.jpg\" alt=\"\" width=\"359\" height=\"491\" srcset=\"https:\/\/rcmakinamuhendislik.com.tr\/wp-content\/uploads\/2022\/11\/5.jpg 359w, https:\/\/rcmakinamuhendislik.com.tr\/wp-content\/uploads\/2022\/11\/5-219x300.jpg 219w\" sizes=\"(max-width: 359px) 100vw, 359px\" \/> <img wpfc-lazyload-disable=\"true\" loading=\"lazy\" decoding=\"async\" class=\"alignnone size-full wp-image-585\" src=\"https:\/\/rcmakinamuhendislik.com.tr\/wp-content\/uploads\/2022\/11\/6.jpg\" alt=\"\" width=\"360\" height=\"491\" srcset=\"https:\/\/rcmakinamuhendislik.com.tr\/wp-content\/uploads\/2022\/11\/6.jpg 360w, https:\/\/rcmakinamuhendislik.com.tr\/wp-content\/uploads\/2022\/11\/6-220x300.jpg 220w\" sizes=\"(max-width: 360px) 100vw, 360px\" \/> <img wpfc-lazyload-disable=\"true\" loading=\"lazy\" decoding=\"async\" class=\"alignnone size-full wp-image-584\" src=\"https:\/\/rcmakinamuhendislik.com.tr\/wp-content\/uploads\/2022\/11\/7.jpg\" alt=\"\" width=\"717\" height=\"490\" srcset=\"https:\/\/rcmakinamuhendislik.com.tr\/wp-content\/uploads\/2022\/11\/7.jpg 717w, https:\/\/rcmakinamuhendislik.com.tr\/wp-content\/uploads\/2022\/11\/7-300x205.jpg 300w\" sizes=\"(max-width: 717px) 100vw, 717px\" \/> <img wpfc-lazyload-disable=\"true\" loading=\"lazy\" decoding=\"async\" class=\"alignnone size-full wp-image-583\" src=\"https:\/\/rcmakinamuhendislik.com.tr\/wp-content\/uploads\/2022\/11\/8.jpg\" alt=\"\" width=\"717\" height=\"490\" srcset=\"https:\/\/rcmakinamuhendislik.com.tr\/wp-content\/uploads\/2022\/11\/8.jpg 717w, https:\/\/rcmakinamuhendislik.com.tr\/wp-content\/uploads\/2022\/11\/8-300x205.jpg 300w\" sizes=\"(max-width: 717px) 100vw, 717px\" \/> <img wpfc-lazyload-disable=\"true\" loading=\"lazy\" decoding=\"async\" class=\"alignnone size-full wp-image-582\" src=\"https:\/\/rcmakinamuhendislik.com.tr\/wp-content\/uploads\/2022\/11\/9.jpg\" alt=\"\" width=\"717\" height=\"490\" srcset=\"https:\/\/rcmakinamuhendislik.com.tr\/wp-content\/uploads\/2022\/11\/9.jpg 717w, https:\/\/rcmakinamuhendislik.com.tr\/wp-content\/uploads\/2022\/11\/9-300x205.jpg 300w\" sizes=\"(max-width: 717px) 100vw, 717px\" \/><\/p><\/div>\n\t\t\t\t\t\t\t<\/div>\n\t\t<\/div>\n\t\t\t\t\t\t<\/div>\n\t\t\t\t<\/div>\n\t\t\t\t<div class=\"elementor-element elementor-element-4de13f1 elementor-widget elementor-widget-heading\" data-id=\"4de13f1\" data-element_type=\"widget\" data-e-type=\"widget\" data-widget_type=\"heading.default\">\n\t\t\t\t<div class=\"elementor-widget-container\">\n\t\t\t\t\t<h2 class=\"elementor-heading-title elementor-size-default translation-block\">Unsere Ersatzteile werden nach den uns vorgelegten technischen Zeichnungen gefertigt. <br>Technische Zeichnungen werden nicht an Dritte weitergegeben.<\/h2>\t\t\t\t<\/div>\n\t\t\t\t<\/div>\n\t\t\t\t\t<\/div>\n\t\t<\/div>\n\t\t\t\t\t<\/div>\n\t\t<\/section>\n\t\t\t\t<\/div>","protected":false},"excerpt":{"rendered":"<p>Anasayfa \/ Hizmetlerimiz Hizmetlerimiz YEDEK PAR\u00c7A \u0130MALATI \u00d6ZEL EK\u0130PMANLAR KAYNAKLI \u0130MALAT MAK\u0130NA PARKURUNDAN \u00c7IKANLAR YEDEK PAR\u00c7A \u0130MALATI \u00d6ZEL EK\u0130PMANLAR KAYNAKLI \u0130MALAT \u00a0 MAK\u0130NA PARKURUNDAN \u00c7IKANLAR Yedek par\u00e7a imalat\u0131m\u0131z taraf\u0131m\u0131za iletilen teknik resimler do\u011frultusunda \u00fcretilmektedir. Teknik resimler \u00fc\u00e7\u00fcnc\u00fc ki\u015filerle payla\u015f\u0131lmaz.<\/p>","protected":false},"author":1,"featured_media":0,"parent":0,"menu_order":0,"comment_status":"closed","ping_status":"closed","template":"elementor_header_footer","meta":{"_joinchat":[],"footnotes":""},"class_list":["post-276","page","type-page","status-publish","hentry"],"yoast_head":"<!-- This site is optimized with the Yoast SEO Premium plugin v18.3 (Yoast SEO v27.1.1) - https:\/\/yoast.com\/product\/yoast-seo-premium-wordpress\/ -->\n<title>Hizmetlerimiz - CNC \u0130\u015fleme Merkezi<\/title>\n<meta name=\"robots\" content=\"index, follow, max-snippet:-1, max-image-preview:large, max-video-preview:-1\" \/>\n<link rel=\"canonical\" href=\"https:\/\/rcmakinamuhendislik.com.tr\/de\/hizmetlerimiz\/\" \/>\n<meta property=\"og:locale\" content=\"de_DE\" \/>\n<meta property=\"og:type\" content=\"article\" \/>\n<meta property=\"og:title\" content=\"Hizmetlerimiz\" \/>\n<meta property=\"og:description\" content=\"Anasayfa \/ Hizmetlerimiz Hizmetlerimiz YEDEK PAR\u00c7A \u0130MALATI \u00d6ZEL EK\u0130PMANLAR KAYNAKLI \u0130MALAT MAK\u0130NA PARKURUNDAN \u00c7IKANLAR YEDEK PAR\u00c7A \u0130MALATI \u00d6ZEL EK\u0130PMANLAR KAYNAKLI \u0130MALAT \u00a0 MAK\u0130NA PARKURUNDAN \u00c7IKANLAR Yedek par\u00e7a imalat\u0131m\u0131z taraf\u0131m\u0131za iletilen teknik resimler do\u011frultusunda \u00fcretilmektedir. Teknik resimler \u00fc\u00e7\u00fcnc\u00fc ki\u015filerle payla\u015f\u0131lmaz.\" \/>\n<meta property=\"og:url\" content=\"https:\/\/rcmakinamuhendislik.com.tr\/de\/hizmetlerimiz\/\" \/>\n<meta property=\"og:site_name\" content=\"CNC \u0130\u015fleme Merkezi\" \/>\n<meta property=\"article:publisher\" content=\"https:\/\/www.facebook.com\/rcmakinamuhendislik\/\" \/>\n<meta property=\"article:modified_time\" content=\"2022-11-22T21:24:39+00:00\" \/>\n<meta property=\"og:image\" content=\"https:\/\/rcmakinamuhendislik.com.tr\/wp-content\/uploads\/2022\/11\/yedek-parca-imalati.jpg\" \/>\n<meta name=\"twitter:card\" content=\"summary_large_image\" \/>\n<meta name=\"twitter:label1\" content=\"Gesch\u00e4tzte Lesezeit\" \/>\n\t<meta name=\"twitter:data1\" content=\"4\u00a0Minuten\" \/>\n<script type=\"application\/ld+json\" class=\"yoast-schema-graph\">{\"@context\":\"https:\/\/schema.org\",\"@graph\":[{\"@type\":\"WebPage\",\"@id\":\"https:\/\/rcmakinamuhendislik.com.tr\/hizmetlerimiz\/\",\"url\":\"https:\/\/rcmakinamuhendislik.com.tr\/hizmetlerimiz\/\",\"name\":\"Hizmetlerimiz - CNC \u0130\u015fleme Merkezi\",\"isPartOf\":{\"@id\":\"https:\/\/rcmakinamuhendislik.com.tr\/#website\"},\"primaryImageOfPage\":{\"@id\":\"https:\/\/rcmakinamuhendislik.com.tr\/hizmetlerimiz\/#primaryimage\"},\"image\":{\"@id\":\"https:\/\/rcmakinamuhendislik.com.tr\/hizmetlerimiz\/#primaryimage\"},\"thumbnailUrl\":\"https:\/\/rcmakinamuhendislik.com.tr\/wp-content\/uploads\/2022\/11\/yedek-parca-imalati.jpg\",\"datePublished\":\"2022-11-13T06:12:49+00:00\",\"dateModified\":\"2022-11-22T21:24:39+00:00\",\"breadcrumb\":{\"@id\":\"https:\/\/rcmakinamuhendislik.com.tr\/hizmetlerimiz\/#breadcrumb\"},\"inLanguage\":\"de\",\"potentialAction\":[{\"@type\":\"ReadAction\",\"target\":[\"https:\/\/rcmakinamuhendislik.com.tr\/hizmetlerimiz\/\"]}]},{\"@type\":\"ImageObject\",\"inLanguage\":\"de\",\"@id\":\"https:\/\/rcmakinamuhendislik.com.tr\/hizmetlerimiz\/#primaryimage\",\"url\":\"https:\/\/rcmakinamuhendislik.com.tr\/wp-content\/uploads\/2022\/11\/yedek-parca-imalati.jpg\",\"contentUrl\":\"https:\/\/rcmakinamuhendislik.com.tr\/wp-content\/uploads\/2022\/11\/yedek-parca-imalati.jpg\"},{\"@type\":\"BreadcrumbList\",\"@id\":\"https:\/\/rcmakinamuhendislik.com.tr\/hizmetlerimiz\/#breadcrumb\",\"itemListElement\":[{\"@type\":\"ListItem\",\"position\":1,\"name\":\"Anasayfa\",\"item\":\"https:\/\/rcmakinamuhendislik.com.tr\/\"},{\"@type\":\"ListItem\",\"position\":2,\"name\":\"Hizmetlerimiz\"}]},{\"@type\":\"WebSite\",\"@id\":\"https:\/\/rcmakinamuhendislik.com.tr\/#website\",\"url\":\"https:\/\/rcmakinamuhendislik.com.tr\/\",\"name\":\"CNC \u0130\u015fleme Merkezi\",\"description\":\"RC MAK\u0130NA M\u00dcHEND\u0130SL\u0130K\",\"publisher\":{\"@id\":\"https:\/\/rcmakinamuhendislik.com.tr\/#organization\"},\"potentialAction\":[{\"@type\":\"SearchAction\",\"target\":{\"@type\":\"EntryPoint\",\"urlTemplate\":\"https:\/\/rcmakinamuhendislik.com.tr\/?s={search_term_string}\"},\"query-input\":{\"@type\":\"PropertyValueSpecification\",\"valueRequired\":true,\"valueName\":\"search_term_string\"}}],\"inLanguage\":\"de\"},{\"@type\":\"Organization\",\"@id\":\"https:\/\/rcmakinamuhendislik.com.tr\/#organization\",\"name\":\"RC Makina CNC \u0130\u015fleme Merkezi\",\"url\":\"https:\/\/rcmakinamuhendislik.com.tr\/\",\"logo\":{\"@type\":\"ImageObject\",\"inLanguage\":\"de\",\"@id\":\"https:\/\/rcmakinamuhendislik.com.tr\/#\/schema\/logo\/image\/\",\"url\":\"https:\/\/rcmakinamuhendislik.com.tr\/wp-content\/uploads\/2022\/11\/RC-makina-ana-logo.png\",\"contentUrl\":\"https:\/\/rcmakinamuhendislik.com.tr\/wp-content\/uploads\/2022\/11\/RC-makina-ana-logo.png\",\"width\":175,\"height\":54,\"caption\":\"RC Makina CNC \u0130\u015fleme Merkezi\"},\"image\":{\"@id\":\"https:\/\/rcmakinamuhendislik.com.tr\/#\/schema\/logo\/image\/\"},\"sameAs\":[\"https:\/\/www.facebook.com\/rcmakinamuhendislik\/\"]}]}<\/script>\n<!-- \/ Yoast SEO Premium plugin. -->","yoast_head_json":{"title":"Hizmetlerimiz - CNC \u0130\u015fleme Merkezi","robots":{"index":"index","follow":"follow","max-snippet":"max-snippet:-1","max-image-preview":"max-image-preview:large","max-video-preview":"max-video-preview:-1"},"canonical":"https:\/\/rcmakinamuhendislik.com.tr\/de\/hizmetlerimiz\/","og_locale":"de_DE","og_type":"article","og_title":"Hizmetlerimiz","og_description":"Anasayfa \/ Hizmetlerimiz Hizmetlerimiz YEDEK PAR\u00c7A \u0130MALATI \u00d6ZEL EK\u0130PMANLAR KAYNAKLI \u0130MALAT MAK\u0130NA PARKURUNDAN \u00c7IKANLAR YEDEK PAR\u00c7A \u0130MALATI \u00d6ZEL EK\u0130PMANLAR KAYNAKLI \u0130MALAT \u00a0 MAK\u0130NA PARKURUNDAN \u00c7IKANLAR Yedek par\u00e7a imalat\u0131m\u0131z taraf\u0131m\u0131za iletilen teknik resimler do\u011frultusunda \u00fcretilmektedir. Teknik resimler \u00fc\u00e7\u00fcnc\u00fc ki\u015filerle payla\u015f\u0131lmaz.","og_url":"https:\/\/rcmakinamuhendislik.com.tr\/de\/hizmetlerimiz\/","og_site_name":"CNC \u0130\u015fleme Merkezi","article_publisher":"https:\/\/www.facebook.com\/rcmakinamuhendislik\/","article_modified_time":"2022-11-22T21:24:39+00:00","og_image":[{"url":"https:\/\/rcmakinamuhendislik.com.tr\/wp-content\/uploads\/2022\/11\/yedek-parca-imalati.jpg","type":"","width":"","height":""}],"twitter_card":"summary_large_image","twitter_misc":{"Gesch\u00e4tzte Lesezeit":"4\u00a0Minuten"},"schema":{"@context":"https:\/\/schema.org","@graph":[{"@type":"WebPage","@id":"https:\/\/rcmakinamuhendislik.com.tr\/hizmetlerimiz\/","url":"https:\/\/rcmakinamuhendislik.com.tr\/hizmetlerimiz\/","name":"Hizmetlerimiz - CNC \u0130\u015fleme Merkezi","isPartOf":{"@id":"https:\/\/rcmakinamuhendislik.com.tr\/#website"},"primaryImageOfPage":{"@id":"https:\/\/rcmakinamuhendislik.com.tr\/hizmetlerimiz\/#primaryimage"},"image":{"@id":"https:\/\/rcmakinamuhendislik.com.tr\/hizmetlerimiz\/#primaryimage"},"thumbnailUrl":"https:\/\/rcmakinamuhendislik.com.tr\/wp-content\/uploads\/2022\/11\/yedek-parca-imalati.jpg","datePublished":"2022-11-13T06:12:49+00:00","dateModified":"2022-11-22T21:24:39+00:00","breadcrumb":{"@id":"https:\/\/rcmakinamuhendislik.com.tr\/hizmetlerimiz\/#breadcrumb"},"inLanguage":"de","potentialAction":[{"@type":"ReadAction","target":["https:\/\/rcmakinamuhendislik.com.tr\/hizmetlerimiz\/"]}]},{"@type":"ImageObject","inLanguage":"de","@id":"https:\/\/rcmakinamuhendislik.com.tr\/hizmetlerimiz\/#primaryimage","url":"https:\/\/rcmakinamuhendislik.com.tr\/wp-content\/uploads\/2022\/11\/yedek-parca-imalati.jpg","contentUrl":"https:\/\/rcmakinamuhendislik.com.tr\/wp-content\/uploads\/2022\/11\/yedek-parca-imalati.jpg"},{"@type":"BreadcrumbList","@id":"https:\/\/rcmakinamuhendislik.com.tr\/hizmetlerimiz\/#breadcrumb","itemListElement":[{"@type":"ListItem","position":1,"name":"Anasayfa","item":"https:\/\/rcmakinamuhendislik.com.tr\/"},{"@type":"ListItem","position":2,"name":"Hizmetlerimiz"}]},{"@type":"WebSite","@id":"https:\/\/rcmakinamuhendislik.com.tr\/#website","url":"https:\/\/rcmakinamuhendislik.com.tr\/","name":"CNC-Bearbeitungszentrum","description":"RC MAK\u0130NA M\u00dcHEND\u0130SL\u0130K","publisher":{"@id":"https:\/\/rcmakinamuhendislik.com.tr\/#organization"},"potentialAction":[{"@type":"SearchAction","target":{"@type":"EntryPoint","urlTemplate":"https:\/\/rcmakinamuhendislik.com.tr\/?s={search_term_string}"},"query-input":{"@type":"PropertyValueSpecification","valueRequired":true,"valueName":"search_term_string"}}],"inLanguage":"de"},{"@type":"Organization","@id":"https:\/\/rcmakinamuhendislik.com.tr\/#organization","name":"RC Makina CNC \u0130\u015fleme Merkezi","url":"https:\/\/rcmakinamuhendislik.com.tr\/","logo":{"@type":"ImageObject","inLanguage":"de","@id":"https:\/\/rcmakinamuhendislik.com.tr\/#\/schema\/logo\/image\/","url":"https:\/\/rcmakinamuhendislik.com.tr\/wp-content\/uploads\/2022\/11\/RC-makina-ana-logo.png","contentUrl":"https:\/\/rcmakinamuhendislik.com.tr\/wp-content\/uploads\/2022\/11\/RC-makina-ana-logo.png","width":175,"height":54,"caption":"RC Makina CNC \u0130\u015fleme Merkezi"},"image":{"@id":"https:\/\/rcmakinamuhendislik.com.tr\/#\/schema\/logo\/image\/"},"sameAs":["https:\/\/www.facebook.com\/rcmakinamuhendislik\/"]}]}},"_links":{"self":[{"href":"https:\/\/rcmakinamuhendislik.com.tr\/de\/wp-json\/wp\/v2\/pages\/276","targetHints":{"allow":["GET"]}}],"collection":[{"href":"https:\/\/rcmakinamuhendislik.com.tr\/de\/wp-json\/wp\/v2\/pages"}],"about":[{"href":"https:\/\/rcmakinamuhendislik.com.tr\/de\/wp-json\/wp\/v2\/types\/page"}],"author":[{"embeddable":true,"href":"https:\/\/rcmakinamuhendislik.com.tr\/de\/wp-json\/wp\/v2\/users\/1"}],"replies":[{"embeddable":true,"href":"https:\/\/rcmakinamuhendislik.com.tr\/de\/wp-json\/wp\/v2\/comments?post=276"}],"version-history":[{"count":69,"href":"https:\/\/rcmakinamuhendislik.com.tr\/de\/wp-json\/wp\/v2\/pages\/276\/revisions"}],"predecessor-version":[{"id":704,"href":"https:\/\/rcmakinamuhendislik.com.tr\/de\/wp-json\/wp\/v2\/pages\/276\/revisions\/704"}],"wp:attachment":[{"href":"https:\/\/rcmakinamuhendislik.com.tr\/de\/wp-json\/wp\/v2\/media?parent=276"}],"curies":[{"name":"wp","href":"https:\/\/api.w.org\/{rel}","templated":true}]}}